{"id":10,"date":"2025-03-19T08:54:05","date_gmt":"2025-03-19T08:54:05","guid":{"rendered":"http:\/\/toskanamutfagim.com.tr\/?page_id=10"},"modified":"2025-03-24T09:13:05","modified_gmt":"2025-03-24T09:13:05","slug":"hakkimizda","status":"publish","type":"page","link":"https:\/\/toskanamutfagim.com.tr\/?page_id=10","title":{"rendered":"Kalite Politikam\u0131z"},"content":{"rendered":"\n<div class=\"wp-block-columns is-layout-flex wp-container-core-columns-is-layout-1 wp-block-columns-is-layout-flex\">\n<div class=\"wp-block-column is-layout-flow wp-block-column-is-layout-flow\">\n<figure class=\"wp-block-image size-large\"><img fetchpriority=\"high\" decoding=\"async\" width=\"1024\" height=\"610\" src=\"https:\/\/toskanamutfagim.com.tr\/wp-content\/uploads\/2025\/03\/cropped-toskana_logo-1024x610.png\" alt=\"\" class=\"wp-image-19\" srcset=\"https:\/\/toskanamutfagim.com.tr\/wp-content\/uploads\/2025\/03\/cropped-toskana_logo-1024x610.png 1024w, https:\/\/toskanamutfagim.com.tr\/wp-content\/uploads\/2025\/03\/cropped-toskana_logo-300x179.png 300w, https:\/\/toskanamutfagim.com.tr\/wp-content\/uploads\/2025\/03\/cropped-toskana_logo-768x458.png 768w, https:\/\/toskanamutfagim.com.tr\/wp-content\/uploads\/2025\/03\/cropped-toskana_logo-1536x915.png 1536w, https:\/\/toskanamutfagim.com.tr\/wp-content\/uploads\/2025\/03\/cropped-toskana_logo-2048x1220.png 2048w, https:\/\/toskanamutfagim.com.tr\/wp-content\/uploads\/2025\/03\/cropped-toskana_logo-236x141.png 236w\" sizes=\"(max-width: 1024px) 100vw, 1024px\" \/><\/figure>\n<\/div>\n\n\n\n<div class=\"wp-block-column is-layout-flow wp-block-column-is-layout-flow\">\n<p>Hijyenik bir \u00fcr\u00fcn ak\u0131\u015f\u0131 kurmak i\u00e7in personel e\u011fitim ve bilin\u00e7lendirme \u00e7al\u0131\u015fmalar\u0131na gereken \u00f6nem ve hassasiyeti g\u00f6steren,<\/p>\n\n\n\n<p>S\u00fcrekli e\u011fitim deste\u011fi le \u00e7al\u0131\u015fanlar\u0131n\u0131n bilgi ve becerilerini art\u0131rmay\u0131, verimli ve nitelikli \u00e7al\u0131\u015fan yeti\u015ftirmeyi hedefleyen,<\/p>\n\n\n\n<p>D\u0131\u015f prosesten sat\u0131n ald\u0131\u011f\u0131 t\u00fcm \u00fcr\u00fcn\/hammaddeleri sekt\u00f6r\u00fcn\u00fcn \u00f6nc\u00fc kurulu\u015flar\u0131ndan tedarik eden,<\/p>\n\n\n\n<p>Sekt\u00f6rdeki teknolojik t\u00fcm geli\u015fmeleri s\u00fcrekli takip eden,<\/p>\n\n\n\n<p>M\u00fc\u015fterilerin ihtiya\u00e7 ve beklentilerini g\u00f6z \u00f6n\u00fcnde bulundurarak, en uygun fiyata en kaliteli \u00fcr\u00fcnleri sunan,<\/p>\n\n\n\n<p>S\u00fcrekli iyile\u015ftirme anlay\u0131\u015f\u0131 ile yasal mevzuatlara uyaca\u011f\u0131n\u0131 taahh\u00fct eden bir kurulu\u015f olmakt\u0131r.<\/p>\n<\/div>\n<\/div>\n","protected":false},"excerpt":{"rendered":"<p>Hijyenik bir \u00fcr\u00fcn ak\u0131\u015f\u0131 kurmak i\u00e7in personel e\u011fitim ve bilin\u00e7lendirme \u00e7al\u0131\u015fmalar\u0131na gereken \u00f6nem ve hassasiyeti g\u00f6steren, S\u00fcrekli e\u011fitim deste\u011fi le [&hellip;]<\/p>\n","protected":false},"author":1,"featured_media":0,"parent":0,"menu_order":0,"comment_status":"closed","ping_status":"closed","template":"","meta":{"site-sidebar-layout":"default","site-content-layout":"","ast-site-content-layout":"","site-content-style":"default","site-sidebar-style":"default","ast-global-header-display":"","ast-banner-title-visibility":"","ast-main-header-display":"","ast-hfb-above-header-display":"","ast-hfb-below-header-display":"","ast-hfb-mobile-header-display":"","site-post-title":"","ast-breadcrumbs-content":"","ast-featured-img":"","footer-sml-layout":"","theme-transparent-header-meta":"","adv-header-id-meta":"","stick-header-meta":"","header-above-stick-meta":"","header-main-stick-meta":"","header-below-stick-meta":"","astra-migrate-meta-layouts":"default","ast-page-background-enabled":"default","ast-page-background-meta":{"desktop":{"background-color":"var(--ast-global-color-5)","background-image":"","background-repeat":"repeat","background-position":"center center","background-size":"auto","background-attachment":"scroll","background-type":"","background-media":"","overlay-type":"","overlay-color":"","overlay-opacity":"","overlay-gradient":""},"tablet":{"background-color":"","background-image":"","background-repeat":"repeat","background-position":"center center","background-size":"auto","background-attachment":"scroll","background-type":"","background-media":"","overlay-type":"","overlay-color":"","overlay-opacity":"","overlay-gradient":""},"mobile":{"background-color":"","background-image":"","background-repeat":"repeat","background-position":"center center","background-size":"auto","background-attachment":"scroll","background-type":"","background-media":"","overlay-type":"","overlay-color":"","overlay-opacity":"","overlay-gradient":""}},"ast-content-background-meta":{"desktop":{"background-color":"var(--ast-global-color-4)","background-image":"","background-repeat":"repeat","background-position":"center center","background-size":"auto","background-attachment":"scroll","background-type":"","background-media":"","overlay-type":"","overlay-color":"","overlay-opacity":"","overlay-gradient":""},"tablet":{"background-color":"var(--ast-global-color-4)","background-image":"","background-repeat":"repeat","background-position":"center center","background-size":"auto","background-attachment":"scroll","background-type":"","background-media":"","overlay-type":"","overlay-color":"","overlay-opacity":"","overlay-gradient":""},"mobile":{"background-color":"var(--ast-global-color-4)","background-image":"","background-repeat":"repeat","background-position":"center center","background-size":"auto","background-attachment":"scroll","background-type":"","background-media":"","overlay-type":"","overlay-color":"","overlay-opacity":"","overlay-gradient":""}},"footnotes":""},"class_list":["post-10","page","type-page","status-publish","hentry"],"_links":{"self":[{"href":"https:\/\/toskanamutfagim.com.tr\/index.php?rest_route=\/wp\/v2\/pages\/10","targetHints":{"allow":["GET"]}}],"collection":[{"href":"https:\/\/toskanamutfagim.com.tr\/index.php?rest_route=\/wp\/v2\/pages"}],"about":[{"href":"https:\/\/toskanamutfagim.com.tr\/index.php?rest_route=\/wp\/v2\/types\/page"}],"author":[{"embeddable":true,"href":"https:\/\/toskanamutfagim.com.tr\/index.php?rest_route=\/wp\/v2\/users\/1"}],"replies":[{"embeddable":true,"href":"https:\/\/toskanamutfagim.com.tr\/index.php?rest_route=%2Fwp%2Fv2%2Fcomments&post=10"}],"version-history":[{"count":3,"href":"https:\/\/toskanamutfagim.com.tr\/index.php?rest_route=\/wp\/v2\/pages\/10\/revisions"}],"predecessor-version":[{"id":174,"href":"https:\/\/toskanamutfagim.com.tr\/index.php?rest_route=\/wp\/v2\/pages\/10\/revisions\/174"}],"wp:attachment":[{"href":"https:\/\/toskanamutfagim.com.tr\/index.php?rest_route=%2Fwp%2Fv2%2Fmedia&parent=10"}],"curies":[{"name":"wp","href":"https:\/\/api.w.org\/{rel}","templated":true}]}}