{"id":12,"date":"2025-03-19T08:54:25","date_gmt":"2025-03-19T08:54:25","guid":{"rendered":"http:\/\/toskanamutfagim.com.tr\/?page_id=12"},"modified":"2025-03-24T09:11:30","modified_gmt":"2025-03-24T09:11:30","slug":"vizyonumuz","status":"publish","type":"page","link":"https:\/\/toskanamutfagim.com.tr\/?page_id=12","title":{"rendered":"Vizyonumuz"},"content":{"rendered":"\n<div class=\"wp-block-columns is-layout-flex wp-container-core-columns-is-layout-1 wp-block-columns-is-layout-flex\">\n<div class=\"wp-block-column is-layout-flow wp-block-column-is-layout-flow\">\n<figure class=\"wp-block-image aligncenter size-large is-resized\"><img fetchpriority=\"high\" decoding=\"async\" width=\"1024\" height=\"731\" src=\"https:\/\/toskanamutfagim.com.tr\/wp-content\/uploads\/2025\/03\/side-view-chef-flambeing-dish-kitchen-1024x731.jpg\" alt=\"\" class=\"wp-image-171\" style=\"width:427px;height:auto\" srcset=\"https:\/\/toskanamutfagim.com.tr\/wp-content\/uploads\/2025\/03\/side-view-chef-flambeing-dish-kitchen-1024x731.jpg 1024w, https:\/\/toskanamutfagim.com.tr\/wp-content\/uploads\/2025\/03\/side-view-chef-flambeing-dish-kitchen-300x214.jpg 300w, https:\/\/toskanamutfagim.com.tr\/wp-content\/uploads\/2025\/03\/side-view-chef-flambeing-dish-kitchen-768x548.jpg 768w, https:\/\/toskanamutfagim.com.tr\/wp-content\/uploads\/2025\/03\/side-view-chef-flambeing-dish-kitchen-1536x1097.jpg 1536w, https:\/\/toskanamutfagim.com.tr\/wp-content\/uploads\/2025\/03\/side-view-chef-flambeing-dish-kitchen.jpg 2000w\" sizes=\"(max-width: 1024px) 100vw, 1024px\" \/><\/figure>\n<\/div>\n\n\n\n<div class=\"wp-block-column is-layout-flow wp-block-column-is-layout-flow\">\n<p>Kusursuz hizmet anlay\u0131\u015f\u0131n\u0131 benimseyerek s\u00fcrekli geli\u015fimi bir ilke haline getiren, ulusal ve uluslararas\u0131 standartlara uygun \u00fcr\u00fcnler sunmay\u0131 ama\u00e7layan bir kurulu\u015fuz. Hijyenik ko\u015fullarda depolama, \u00fcretim ve servis s\u00fcre\u00e7lerini titizlikle ger\u00e7ekle\u015ftiren; G\u0131da G\u00fcvenli\u011fi Y\u00f6netim Sistemi (ISO 22000) ilkelerine ba\u011fl\u0131 kalarak kaliteyi ve g\u00fcveni \u00f6n planda tutan bir yap\u0131ya sahibiz. M\u00fc\u015fteri memnuniyetini en \u00fcst seviyeye \u00e7\u0131karmak i\u00e7in s\u00fcrekli yenilik\u00e7i \u00e7\u00f6z\u00fcmler \u00fcreten, \u00e7evreye duyarl\u0131l\u0131\u011f\u0131 ve topluma katk\u0131y\u0131 temel de\u011ferleri aras\u0131nda bulunduran bir kurulu\u015f olmay\u0131 hedefliyoruz.<\/p>\n<\/div>\n<\/div>\n","protected":false},"excerpt":{"rendered":"<p>Kusursuz hizmet anlay\u0131\u015f\u0131n\u0131 benimseyerek s\u00fcrekli geli\u015fimi bir ilke haline getiren, ulusal ve uluslararas\u0131 standartlara uygun \u00fcr\u00fcnler sunmay\u0131 ama\u00e7layan bir kurulu\u015fuz. [&hellip;]<\/p>\n","protected":false},"author":1,"featured_media":0,"parent":0,"menu_order":0,"comment_status":"closed","ping_status":"closed","template":"","meta":{"site-sidebar-layout":"default","site-content-layout":"","ast-site-content-layout":"","site-content-style":"default","site-sidebar-style":"default","ast-global-header-display":"","ast-banner-title-visibility":"","ast-main-header-display":"","ast-hfb-above-header-display":"","ast-hfb-below-header-display":"","ast-hfb-mobile-header-display":"","site-post-title":"","ast-breadcrumbs-content":"","ast-featured-img":"","footer-sml-layout":"","theme-transparent-header-meta":"","adv-header-id-meta":"","stick-header-meta":"","header-above-stick-meta":"","header-main-stick-meta":"","header-below-stick-meta":"","astra-migrate-meta-layouts":"default","ast-page-background-enabled":"default","ast-page-background-meta":{"desktop":{"background-color":"var(--ast-global-color-5)","background-image":"","background-repeat":"repeat","background-position":"center center","background-size":"auto","background-attachment":"scroll","background-type":"","background-media":"","overlay-type":"","overlay-color":"","overlay-opacity":"","overlay-gradient":""},"tablet":{"background-color":"","background-image":"","background-repeat":"repeat","background-position":"center center","background-size":"auto","background-attachment":"scroll","background-type":"","background-media":"","overlay-type":"","overlay-color":"","overlay-opacity":"","overlay-gradient":""},"mobile":{"background-color":"","background-image":"","background-repeat":"repeat","background-position":"center center","background-size":"auto","background-attachment":"scroll","background-type":"","background-media":"","overlay-type":"","overlay-color":"","overlay-opacity":"","overlay-gradient":""}},"ast-content-background-meta":{"desktop":{"background-color":"var(--ast-global-color-4)","background-image":"","background-repeat":"repeat","background-position":"center center","background-size":"auto","background-attachment":"scroll","background-type":"","background-media":"","overlay-type":"","overlay-color":"","overlay-opacity":"","overlay-gradient":""},"tablet":{"background-color":"var(--ast-global-color-4)","background-image":"","background-repeat":"repeat","background-position":"center center","background-size":"auto","background-attachment":"scroll","background-type":"","background-media":"","overlay-type":"","overlay-color":"","overlay-opacity":"","overlay-gradient":""},"mobile":{"background-color":"var(--ast-global-color-4)","background-image":"","background-repeat":"repeat","background-position":"center center","background-size":"auto","background-attachment":"scroll","background-type":"","background-media":"","overlay-type":"","overlay-color":"","overlay-opacity":"","overlay-gradient":""}},"footnotes":""},"class_list":["post-12","page","type-page","status-publish","hentry"],"_links":{"self":[{"href":"https:\/\/toskanamutfagim.com.tr\/index.php?rest_route=\/wp\/v2\/pages\/12","targetHints":{"allow":["GET"]}}],"collection":[{"href":"https:\/\/toskanamutfagim.com.tr\/index.php?rest_route=\/wp\/v2\/pages"}],"about":[{"href":"https:\/\/toskanamutfagim.com.tr\/index.php?rest_route=\/wp\/v2\/types\/page"}],"author":[{"embeddable":true,"href":"https:\/\/toskanamutfagim.com.tr\/index.php?rest_route=\/wp\/v2\/users\/1"}],"replies":[{"embeddable":true,"href":"https:\/\/toskanamutfagim.com.tr\/index.php?rest_route=%2Fwp%2Fv2%2Fcomments&post=12"}],"version-history":[{"count":3,"href":"https:\/\/toskanamutfagim.com.tr\/index.php?rest_route=\/wp\/v2\/pages\/12\/revisions"}],"predecessor-version":[{"id":172,"href":"https:\/\/toskanamutfagim.com.tr\/index.php?rest_route=\/wp\/v2\/pages\/12\/revisions\/172"}],"wp:attachment":[{"href":"https:\/\/toskanamutfagim.com.tr\/index.php?rest_route=%2Fwp%2Fv2%2Fmedia&parent=12"}],"curies":[{"name":"wp","href":"https:\/\/api.w.org\/{rel}","templated":true}]}}