{"id":133,"date":"2025-03-20T10:52:50","date_gmt":"2025-03-20T10:52:50","guid":{"rendered":"http:\/\/toskanamutfagim.com.tr\/?page_id=133"},"modified":"2025-03-20T10:52:50","modified_gmt":"2025-03-20T10:52:50","slug":"yerinde-uretim-hizmeti","status":"publish","type":"page","link":"https:\/\/toskanamutfagim.com.tr\/?page_id=133","title":{"rendered":"Yerinde \u00dcretim Hizmeti"},"content":{"rendered":"\n<div class=\"wp-block-columns is-layout-flex wp-container-core-columns-is-layout-1 wp-block-columns-is-layout-flex\">\n<div class=\"wp-block-column is-layout-flow wp-block-column-is-layout-flow\">\n<figure class=\"wp-block-image aligncenter size-full\"><img fetchpriority=\"high\" decoding=\"async\" width=\"1024\" height=\"768\" src=\"https:\/\/toskanamutfagim.com.tr\/wp-content\/uploads\/2025\/03\/yerinde-uretim-1024x768-1.jpg\" alt=\"\" class=\"wp-image-134\" srcset=\"https:\/\/toskanamutfagim.com.tr\/wp-content\/uploads\/2025\/03\/yerinde-uretim-1024x768-1.jpg 1024w, https:\/\/toskanamutfagim.com.tr\/wp-content\/uploads\/2025\/03\/yerinde-uretim-1024x768-1-300x225.jpg 300w, https:\/\/toskanamutfagim.com.tr\/wp-content\/uploads\/2025\/03\/yerinde-uretim-1024x768-1-768x576.jpg 768w\" sizes=\"(max-width: 1024px) 100vw, 1024px\" \/><\/figure>\n<\/div>\n\n\n\n<div class=\"wp-block-column is-layout-flow wp-block-column-is-layout-flow\">\n<p>Yerinde \u00dcretim hizmetimiz, g\u00fcnl\u00fck personel yemeklerinizi taze, sa\u011fl\u0131kl\u0131 ve lezzetli bir \u015fekilde haz\u0131rlamak i\u00e7in size \u00f6zel \u00e7\u00f6z\u00fcmler sunar. Uzman ekibimiz, mutfa\u011f\u0131n\u0131zda t\u00fcm yemekleri do\u011frudan yerinde pi\u015firir ve taptaze bir \u015fekilde \u00e7al\u0131\u015fanlar\u0131n\u0131za sunar. Bu sayede yemeklerin tazeli\u011fi ve lezzeti en \u00fcst seviyede korunurken, hijyen standartlar\u0131ndan asla taviz verilmez.<\/p>\n\n\n\n<p>Her g\u00fcn \u00f6zenle planlanan men\u00fclerimiz, \u00e7al\u0131\u015fanlar\u0131n\u0131z\u0131n ihtiya\u00e7lar\u0131na uygun dengeli ve besleyici se\u00e7enekler i\u00e7erir. Esnek men\u00fc planlamas\u0131 ve profesyonel hizmet anlay\u0131\u015f\u0131m\u0131z sayesinde hem pratik hem de kaliteli yemek deneyimi sa\u011fl\u0131yoruz. Yerinde pi\u015firme hizmetimiz, yemeklerin \u00fcretim s\u00fcrecine \u015feffafl\u0131k katarak \u00e7al\u0131\u015fanlar\u0131n\u0131z\u0131n g\u00fcvenini ve memnuniyetini art\u0131r\u0131r.<\/p>\n\n\n\n<p>\u0130ster k\u00fc\u00e7\u00fck bir i\u015fletme ister b\u00fcy\u00fck bir firma olun, Yerinde \u00dcretim hizmetimiz, personelinize hak etti\u011fi \u00f6zeni g\u00f6sterirken sizin i\u00e7in de kolayl\u0131k ve verimlilik sa\u011flar. Sa\u011fl\u0131kl\u0131 ve lezzetli yemeklerle g\u00fcnlerini enerji dolu hale getirmek i\u00e7in buraday\u0131z.<\/p>\n<\/div>\n<\/div>\n","protected":false},"excerpt":{"rendered":"<p>Yerinde \u00dcretim hizmetimiz, g\u00fcnl\u00fck personel yemeklerinizi taze, sa\u011fl\u0131kl\u0131 ve lezzetli bir \u015fekilde haz\u0131rlamak i\u00e7in size \u00f6zel \u00e7\u00f6z\u00fcmler sunar. Uzman ekibimiz, [&hellip;]<\/p>\n","protected":false},"author":1,"featured_media":0,"parent":0,"menu_order":0,"comment_status":"closed","ping_status":"closed","template":"","meta":{"site-sidebar-layout":"default","site-content-layout":"","ast-site-content-layout":"","site-content-style":"default","site-sidebar-style":"default","ast-global-header-display":"","ast-banner-title-visibility":"","ast-main-header-display":"","ast-hfb-above-header-display":"","ast-hfb-below-header-display":"","ast-hfb-mobile-header-display":"","site-post-title":"","ast-breadcrumbs-content":"","ast-featured-img":"","footer-sml-layout":"","theme-transparent-header-meta":"","adv-header-id-meta":"","stick-header-meta":"","header-above-stick-meta":"","header-main-stick-meta":"","header-below-stick-meta":"","astra-migrate-meta-layouts":"default","ast-page-background-enabled":"default","ast-page-background-meta":{"desktop":{"background-color":"var(--ast-global-color-5)","background-image":"","background-repeat":"repeat","background-position":"center center","background-size":"auto","background-attachment":"scroll","background-type":"","background-media":"","overlay-type":"","overlay-color":"","overlay-opacity":"","overlay-gradient":""},"tablet":{"background-color":"","background-image":"","background-repeat":"repeat","background-position":"center center","background-size":"auto","background-attachment":"scroll","background-type":"","background-media":"","overlay-type":"","overlay-color":"","overlay-opacity":"","overlay-gradient":""},"mobile":{"background-color":"","background-image":"","background-repeat":"repeat","background-position":"center center","background-size":"auto","background-attachment":"scroll","background-type":"","background-media":"","overlay-type":"","overlay-color":"","overlay-opacity":"","overlay-gradient":""}},"ast-content-background-meta":{"desktop":{"background-color":"var(--ast-global-color-4)","background-image":"","background-repeat":"repeat","background-position":"center center","background-size":"auto","background-attachment":"scroll","background-type":"","background-media":"","overlay-type":"","overlay-color":"","overlay-opacity":"","overlay-gradient":""},"tablet":{"background-color":"var(--ast-global-color-4)","background-image":"","background-repeat":"repeat","background-position":"center center","background-size":"auto","background-attachment":"scroll","background-type":"","background-media":"","overlay-type":"","overlay-color":"","overlay-opacity":"","overlay-gradient":""},"mobile":{"background-color":"var(--ast-global-color-4)","background-image":"","background-repeat":"repeat","background-position":"center center","background-size":"auto","background-attachment":"scroll","background-type":"","background-media":"","overlay-type":"","overlay-color":"","overlay-opacity":"","overlay-gradient":""}},"footnotes":""},"class_list":["post-133","page","type-page","status-publish","hentry"],"_links":{"self":[{"href":"https:\/\/toskanamutfagim.com.tr\/index.php?rest_route=\/wp\/v2\/pages\/133","targetHints":{"allow":["GET"]}}],"collection":[{"href":"https:\/\/toskanamutfagim.com.tr\/index.php?rest_route=\/wp\/v2\/pages"}],"about":[{"href":"https:\/\/toskanamutfagim.com.tr\/index.php?rest_route=\/wp\/v2\/types\/page"}],"author":[{"embeddable":true,"href":"https:\/\/toskanamutfagim.com.tr\/index.php?rest_route=\/wp\/v2\/users\/1"}],"replies":[{"embeddable":true,"href":"https:\/\/toskanamutfagim.com.tr\/index.php?rest_route=%2Fwp%2Fv2%2Fcomments&post=133"}],"version-history":[{"count":1,"href":"https:\/\/toskanamutfagim.com.tr\/index.php?rest_route=\/wp\/v2\/pages\/133\/revisions"}],"predecessor-version":[{"id":135,"href":"https:\/\/toskanamutfagim.com.tr\/index.php?rest_route=\/wp\/v2\/pages\/133\/revisions\/135"}],"wp:attachment":[{"href":"https:\/\/toskanamutfagim.com.tr\/index.php?rest_route=%2Fwp%2Fv2%2Fmedia&parent=133"}],"curies":[{"name":"wp","href":"https:\/\/api.w.org\/{rel}","templated":true}]}}