{"id":136,"date":"2025-03-20T11:05:42","date_gmt":"2025-03-20T11:05:42","guid":{"rendered":"http:\/\/toskanamutfagim.com.tr\/?page_id=136"},"modified":"2025-03-20T11:05:42","modified_gmt":"2025-03-20T11:05:42","slug":"kurumsal-davet","status":"publish","type":"page","link":"https:\/\/toskanamutfagim.com.tr\/?page_id=136","title":{"rendered":"Kurumsal Davet"},"content":{"rendered":"\n<div class=\"wp-block-columns is-layout-flex wp-container-core-columns-is-layout-1 wp-block-columns-is-layout-flex\">\n<div class=\"wp-block-column is-layout-flow wp-block-column-is-layout-flow\">\n<figure class=\"wp-block-image size-large\"><img fetchpriority=\"high\" decoding=\"async\" width=\"1024\" height=\"683\" src=\"https:\/\/toskanamutfagim.com.tr\/wp-content\/uploads\/2025\/03\/kurumsal-davet-1-1024x683.jpg\" alt=\"\" class=\"wp-image-137\" srcset=\"https:\/\/toskanamutfagim.com.tr\/wp-content\/uploads\/2025\/03\/kurumsal-davet-1-1024x683.jpg 1024w, https:\/\/toskanamutfagim.com.tr\/wp-content\/uploads\/2025\/03\/kurumsal-davet-1-300x200.jpg 300w, https:\/\/toskanamutfagim.com.tr\/wp-content\/uploads\/2025\/03\/kurumsal-davet-1-768x512.jpg 768w, https:\/\/toskanamutfagim.com.tr\/wp-content\/uploads\/2025\/03\/kurumsal-davet-1-1536x1024.jpg 1536w, https:\/\/toskanamutfagim.com.tr\/wp-content\/uploads\/2025\/03\/kurumsal-davet-1-2048x1365.jpg 2048w\" sizes=\"(max-width: 1024px) 100vw, 1024px\" \/><\/figure>\n<\/div>\n\n\n\n<div class=\"wp-block-column is-layout-flow wp-block-column-is-layout-flow\">\n<p>Kurumsal Davet hizmetimiz, i\u015f d\u00fcnyas\u0131nda fark yaratmak isteyenlerin ihtiya\u00e7lar\u0131na \u00f6zel olarak geli\u015ftirilmi\u015f profesyonel organizasyon \u00e7\u00f6z\u00fcmleri sunar. \u015eirketinizin prestijini ve de\u011ferlerini yans\u0131tan \u00f6zenle tasarlanm\u0131\u015f men\u00fclerimiz, etkinli\u011finizi daha da anlaml\u0131 k\u0131lar. Kusursuz hizmet anlay\u0131\u015f\u0131m\u0131z, misafirlerinizin beklentilerini kar\u015f\u0131lamakla kalmaz; onlar\u0131n deneyimlerini bir ad\u0131m \u00f6teye ta\u015f\u0131r.<\/p>\n\n\n\n<p>\u0130\u015f toplant\u0131lar\u0131ndan \u00fcr\u00fcn lansmanlar\u0131na, \u00f6d\u00fcl t\u00f6renlerinden \u00f6zel kutlamalara kadar geni\u015f bir yelpazede hizmet veriyoruz. Detaylara verdi\u011fimiz \u00f6nem ve deneyimli ekibimizin titiz \u00e7al\u0131\u015fmalar\u0131 sayesinde, her etkinli\u011fi hem unutulmaz hem de i\u015f d\u00fcnyas\u0131nda yank\u0131 uyand\u0131ran bir ba\u015far\u0131ya d\u00f6n\u00fc\u015ft\u00fcr\u00fcyoruz. Konseptinize uygun yemek d\u00fczenlemeleri, \u00f6zenle se\u00e7ilmi\u015f malzemelerle haz\u0131rlan\u0131r ve profesyonel sunumlarla ta\u00e7lan\u0131r.<\/p>\n\n\n\n<p>Kurumsal etkinliklerinizde bizimle \u00e7al\u0131\u015fmay\u0131 se\u00e7erek, hem misafirlerinize hem de i\u015f ortaklar\u0131n\u0131za g\u00fc\u00e7l\u00fc bir izlenim b\u0131rakabilir, \u015firketinizin profesyonel ve zarif imaj\u0131n\u0131 daha da g\u00fc\u00e7lendirebilirsiniz.<\/p>\n<\/div>\n<\/div>\n","protected":false},"excerpt":{"rendered":"<p>Kurumsal Davet hizmetimiz, i\u015f d\u00fcnyas\u0131nda fark yaratmak isteyenlerin ihtiya\u00e7lar\u0131na \u00f6zel olarak geli\u015ftirilmi\u015f profesyonel organizasyon \u00e7\u00f6z\u00fcmleri sunar. \u015eirketinizin prestijini ve de\u011ferlerini [&hellip;]<\/p>\n","protected":false},"author":1,"featured_media":0,"parent":0,"menu_order":0,"comment_status":"closed","ping_status":"closed","template":"","meta":{"site-sidebar-layout":"default","site-content-layout":"","ast-site-content-layout":"","site-content-style":"default","site-sidebar-style":"default","ast-global-header-display":"","ast-banner-title-visibility":"","ast-main-header-display":"","ast-hfb-above-header-display":"","ast-hfb-below-header-display":"","ast-hfb-mobile-header-display":"","site-post-title":"","ast-breadcrumbs-content":"","ast-featured-img":"","footer-sml-layout":"","theme-transparent-header-meta":"","adv-header-id-meta":"","stick-header-meta":"","header-above-stick-meta":"","header-main-stick-meta":"","header-below-stick-meta":"","astra-migrate-meta-layouts":"default","ast-page-background-enabled":"default","ast-page-background-meta":{"desktop":{"background-color":"var(--ast-global-color-5)","background-image":"","background-repeat":"repeat","background-position":"center center","background-size":"auto","background-attachment":"scroll","background-type":"","background-media":"","overlay-type":"","overlay-color":"","overlay-opacity":"","overlay-gradient":""},"tablet":{"background-color":"","background-image":"","background-repeat":"repeat","background-position":"center center","background-size":"auto","background-attachment":"scroll","background-type":"","background-media":"","overlay-type":"","overlay-color":"","overlay-opacity":"","overlay-gradient":""},"mobile":{"background-color":"","background-image":"","background-repeat":"repeat","background-position":"center center","background-size":"auto","background-attachment":"scroll","background-type":"","background-media":"","overlay-type":"","overlay-color":"","overlay-opacity":"","overlay-gradient":""}},"ast-content-background-meta":{"desktop":{"background-color":"var(--ast-global-color-4)","background-image":"","background-repeat":"repeat","background-position":"center center","background-size":"auto","background-attachment":"scroll","background-type":"","background-media":"","overlay-type":"","overlay-color":"","overlay-opacity":"","overlay-gradient":""},"tablet":{"background-color":"var(--ast-global-color-4)","background-image":"","background-repeat":"repeat","background-position":"center center","background-size":"auto","background-attachment":"scroll","background-type":"","background-media":"","overlay-type":"","overlay-color":"","overlay-opacity":"","overlay-gradient":""},"mobile":{"background-color":"var(--ast-global-color-4)","background-image":"","background-repeat":"repeat","background-position":"center center","background-size":"auto","background-attachment":"scroll","background-type":"","background-media":"","overlay-type":"","overlay-color":"","overlay-opacity":"","overlay-gradient":""}},"footnotes":""},"class_list":["post-136","page","type-page","status-publish","hentry"],"_links":{"self":[{"href":"https:\/\/toskanamutfagim.com.tr\/index.php?rest_route=\/wp\/v2\/pages\/136","targetHints":{"allow":["GET"]}}],"collection":[{"href":"https:\/\/toskanamutfagim.com.tr\/index.php?rest_route=\/wp\/v2\/pages"}],"about":[{"href":"https:\/\/toskanamutfagim.com.tr\/index.php?rest_route=\/wp\/v2\/types\/page"}],"author":[{"embeddable":true,"href":"https:\/\/toskanamutfagim.com.tr\/index.php?rest_route=\/wp\/v2\/users\/1"}],"replies":[{"embeddable":true,"href":"https:\/\/toskanamutfagim.com.tr\/index.php?rest_route=%2Fwp%2Fv2%2Fcomments&post=136"}],"version-history":[{"count":1,"href":"https:\/\/toskanamutfagim.com.tr\/index.php?rest_route=\/wp\/v2\/pages\/136\/revisions"}],"predecessor-version":[{"id":138,"href":"https:\/\/toskanamutfagim.com.tr\/index.php?rest_route=\/wp\/v2\/pages\/136\/revisions\/138"}],"wp:attachment":[{"href":"https:\/\/toskanamutfagim.com.tr\/index.php?rest_route=%2Fwp%2Fv2%2Fmedia&parent=136"}],"curies":[{"name":"wp","href":"https:\/\/api.w.org\/{rel}","templated":true}]}}