{"id":139,"date":"2025-03-20T11:09:40","date_gmt":"2025-03-20T11:09:40","guid":{"rendered":"http:\/\/toskanamutfagim.com.tr\/?page_id=139"},"modified":"2025-03-20T11:09:40","modified_gmt":"2025-03-20T11:09:40","slug":"yemekli-davet","status":"publish","type":"page","link":"https:\/\/toskanamutfagim.com.tr\/?page_id=139","title":{"rendered":"Yemekli Davet"},"content":{"rendered":"\n<div class=\"wp-block-columns is-layout-flex wp-container-core-columns-is-layout-1 wp-block-columns-is-layout-flex\">\n<div class=\"wp-block-column is-layout-flow wp-block-column-is-layout-flow\">\n<figure class=\"wp-block-image size-large\"><img fetchpriority=\"high\" decoding=\"async\" width=\"1024\" height=\"689\" src=\"https:\/\/toskanamutfagim.com.tr\/wp-content\/uploads\/2025\/03\/yemekli_davet-1024x689.jpg\" alt=\"\" class=\"wp-image-140\" srcset=\"https:\/\/toskanamutfagim.com.tr\/wp-content\/uploads\/2025\/03\/yemekli_davet-1024x689.jpg 1024w, https:\/\/toskanamutfagim.com.tr\/wp-content\/uploads\/2025\/03\/yemekli_davet-300x202.jpg 300w, https:\/\/toskanamutfagim.com.tr\/wp-content\/uploads\/2025\/03\/yemekli_davet-768x517.jpg 768w, https:\/\/toskanamutfagim.com.tr\/wp-content\/uploads\/2025\/03\/yemekli_davet-1536x1034.jpg 1536w, https:\/\/toskanamutfagim.com.tr\/wp-content\/uploads\/2025\/03\/yemekli_davet-2048x1378.jpg 2048w\" sizes=\"(max-width: 1024px) 100vw, 1024px\" \/><\/figure>\n<\/div>\n\n\n\n<div class=\"wp-block-column is-layout-flow wp-block-column-is-layout-flow\">\n<p>Yemekli Davet hizmetimiz, sevdiklerinizle unutulmaz anlar ya\u015faman\u0131z i\u00e7in \u00f6zenle tasarlanm\u0131\u015f bir deneyim sunar. Uzman \u015feflerimizin titiz \u00e7al\u0131\u015fmalar\u0131yla haz\u0131rlanan lezzetli yemekler, zarif sunumlarla birle\u015ferek misafirlerinize kusursuz bir g\u00f6rsel ve tat \u015f\u00f6leni sunar. Esnek men\u00fc se\u00e7eneklerimiz sayesinde etkinli\u011finizin konseptine ve damak zevkinize uygun \u00f6zel \u00e7\u00f6z\u00fcmler olu\u015fturuyoruz.<\/p>\n\n\n\n<p>Profesyonel servis ekibimiz, yemeklerinizi en iyi \u015fekilde sunmak i\u00e7in her detaya \u00f6zen g\u00f6sterir ve misafirlerinize unutulmaz bir hizmet deneyimi ya\u015fat\u0131r. \u0130ster evinizde, ister diledi\u011finiz bir mek\u00e2nda olsun, Yemekli Davet hizmetimizle her organizasyonunuzu benzersiz ve \u00f6zel k\u0131lmak i\u00e7in yan\u0131n\u0131zday\u0131z. Sevdiklerinizle ge\u00e7irdi\u011finiz her an\u0131, lezzet ve zarafetin harmanland\u0131\u011f\u0131 bu e\u015fsiz deneyimle daha da unutulmaz hale getirebilirsiniz.<\/p>\n<\/div>\n<\/div>\n","protected":false},"excerpt":{"rendered":"<p>Yemekli Davet hizmetimiz, sevdiklerinizle unutulmaz anlar ya\u015faman\u0131z i\u00e7in \u00f6zenle tasarlanm\u0131\u015f bir deneyim sunar. Uzman \u015feflerimizin titiz \u00e7al\u0131\u015fmalar\u0131yla haz\u0131rlanan lezzetli yemekler, [&hellip;]<\/p>\n","protected":false},"author":1,"featured_media":0,"parent":0,"menu_order":0,"comment_status":"closed","ping_status":"closed","template":"","meta":{"site-sidebar-layout":"default","site-content-layout":"","ast-site-content-layout":"","site-content-style":"default","site-sidebar-style":"default","ast-global-header-display":"","ast-banner-title-visibility":"","ast-main-header-display":"","ast-hfb-above-header-display":"","ast-hfb-below-header-display":"","ast-hfb-mobile-header-display":"","site-post-title":"","ast-breadcrumbs-content":"","ast-featured-img":"","footer-sml-layout":"","theme-transparent-header-meta":"","adv-header-id-meta":"","stick-header-meta":"","header-above-stick-meta":"","header-main-stick-meta":"","header-below-stick-meta":"","astra-migrate-meta-layouts":"default","ast-page-background-enabled":"default","ast-page-background-meta":{"desktop":{"background-color":"var(--ast-global-color-5)","background-image":"","background-repeat":"repeat","background-position":"center center","background-size":"auto","background-attachment":"scroll","background-type":"","background-media":"","overlay-type":"","overlay-color":"","overlay-opacity":"","overlay-gradient":""},"tablet":{"background-color":"","background-image":"","background-repeat":"repeat","background-position":"center center","background-size":"auto","background-attachment":"scroll","background-type":"","background-media":"","overlay-type":"","overlay-color":"","overlay-opacity":"","overlay-gradient":""},"mobile":{"background-color":"","background-image":"","background-repeat":"repeat","background-position":"center center","background-size":"auto","background-attachment":"scroll","background-type":"","background-media":"","overlay-type":"","overlay-color":"","overlay-opacity":"","overlay-gradient":""}},"ast-content-background-meta":{"desktop":{"background-color":"var(--ast-global-color-4)","background-image":"","background-repeat":"repeat","background-position":"center center","background-size":"auto","background-attachment":"scroll","background-type":"","background-media":"","overlay-type":"","overlay-color":"","overlay-opacity":"","overlay-gradient":""},"tablet":{"background-color":"var(--ast-global-color-4)","background-image":"","background-repeat":"repeat","background-position":"center center","background-size":"auto","background-attachment":"scroll","background-type":"","background-media":"","overlay-type":"","overlay-color":"","overlay-opacity":"","overlay-gradient":""},"mobile":{"background-color":"var(--ast-global-color-4)","background-image":"","background-repeat":"repeat","background-position":"center center","background-size":"auto","background-attachment":"scroll","background-type":"","background-media":"","overlay-type":"","overlay-color":"","overlay-opacity":"","overlay-gradient":""}},"footnotes":""},"class_list":["post-139","page","type-page","status-publish","hentry"],"_links":{"self":[{"href":"https:\/\/toskanamutfagim.com.tr\/index.php?rest_route=\/wp\/v2\/pages\/139","targetHints":{"allow":["GET"]}}],"collection":[{"href":"https:\/\/toskanamutfagim.com.tr\/index.php?rest_route=\/wp\/v2\/pages"}],"about":[{"href":"https:\/\/toskanamutfagim.com.tr\/index.php?rest_route=\/wp\/v2\/types\/page"}],"author":[{"embeddable":true,"href":"https:\/\/toskanamutfagim.com.tr\/index.php?rest_route=\/wp\/v2\/users\/1"}],"replies":[{"embeddable":true,"href":"https:\/\/toskanamutfagim.com.tr\/index.php?rest_route=%2Fwp%2Fv2%2Fcomments&post=139"}],"version-history":[{"count":1,"href":"https:\/\/toskanamutfagim.com.tr\/index.php?rest_route=\/wp\/v2\/pages\/139\/revisions"}],"predecessor-version":[{"id":141,"href":"https:\/\/toskanamutfagim.com.tr\/index.php?rest_route=\/wp\/v2\/pages\/139\/revisions\/141"}],"wp:attachment":[{"href":"https:\/\/toskanamutfagim.com.tr\/index.php?rest_route=%2Fwp%2Fv2%2Fmedia&parent=139"}],"curies":[{"name":"wp","href":"https:\/\/api.w.org\/{rel}","templated":true}]}}