{"id":14,"date":"2025-03-19T08:54:54","date_gmt":"2025-03-19T08:54:54","guid":{"rendered":"http:\/\/toskanamutfagim.com.tr\/?page_id=14"},"modified":"2025-03-24T09:08:01","modified_gmt":"2025-03-24T09:08:01","slug":"misyonumuz","status":"publish","type":"page","link":"https:\/\/toskanamutfagim.com.tr\/?page_id=14","title":{"rendered":"Misyonumuz"},"content":{"rendered":"\n<div class=\"wp-block-columns is-layout-flex wp-container-core-columns-is-layout-1 wp-block-columns-is-layout-flex\">\n<div class=\"wp-block-column is-layout-flow wp-block-column-is-layout-flow\">\n<figure class=\"wp-block-image aligncenter size-large is-resized\"><img fetchpriority=\"high\" decoding=\"async\" width=\"1024\" height=\"1024\" src=\"https:\/\/toskanamutfagim.com.tr\/wp-content\/uploads\/2025\/03\/Sile-Endustriyel-Mutfak-Servisi-1024x1024.jpg\" alt=\"\" class=\"wp-image-168\" style=\"width:365px;height:auto\" srcset=\"https:\/\/toskanamutfagim.com.tr\/wp-content\/uploads\/2025\/03\/Sile-Endustriyel-Mutfak-Servisi-1024x1024.jpg 1024w, https:\/\/toskanamutfagim.com.tr\/wp-content\/uploads\/2025\/03\/Sile-Endustriyel-Mutfak-Servisi-300x300.jpg 300w, https:\/\/toskanamutfagim.com.tr\/wp-content\/uploads\/2025\/03\/Sile-Endustriyel-Mutfak-Servisi-150x150.jpg 150w, https:\/\/toskanamutfagim.com.tr\/wp-content\/uploads\/2025\/03\/Sile-Endustriyel-Mutfak-Servisi-768x768.jpg 768w, https:\/\/toskanamutfagim.com.tr\/wp-content\/uploads\/2025\/03\/Sile-Endustriyel-Mutfak-Servisi-1536x1536.jpg 1536w, https:\/\/toskanamutfagim.com.tr\/wp-content\/uploads\/2025\/03\/Sile-Endustriyel-Mutfak-Servisi.jpg 1600w\" sizes=\"(max-width: 1024px) 100vw, 1024px\" \/><\/figure>\n<\/div>\n\n\n\n<div class=\"wp-block-column is-layout-flow wp-block-column-is-layout-flow\">\n<p>Kalite ve hijyenden asla \u00f6d\u00fcn vermeyen bir anlay\u0131\u015fla, g\u0131da \u00fcretiminde en y\u00fcksek standartlar\u0131 benimseyerek hem ulusal hem de uluslararas\u0131 alanda g\u00fcvenilir bir marka olmak i\u00e7in \u00e7al\u0131\u015f\u0131yoruz. \u00dcretim ve hizmet kalitemizle t\u00fcketicilerimiz i\u00e7in vazge\u00e7ilmez bir tercih olmay\u0131 hedefliyor, yenilik\u00e7i \u00e7\u00f6z\u00fcmlerle sekt\u00f6re de\u011fer kat\u0131yoruz. M\u00fc\u015fteri memnuniyetini her \u015feyin merkezine koyarak, ihtiya\u00e7 ve beklentilere h\u0131zl\u0131 ve etkili \u00e7\u00f6z\u00fcmler sunmay\u0131 ilke edinmi\u015f bir kurulu\u015fuz. \u00c7evreye duyarl\u0131 \u00fcretim s\u00fcre\u00e7lerimiz ve sosyal sorumluluk bilincimizle hem bug\u00fcne hem de gelece\u011fe katk\u0131da bulunmaya kararl\u0131y\u0131z.<\/p>\n<\/div>\n<\/div>\n","protected":false},"excerpt":{"rendered":"<p>Kalite ve hijyenden asla \u00f6d\u00fcn vermeyen bir anlay\u0131\u015fla, g\u0131da \u00fcretiminde en y\u00fcksek standartlar\u0131 benimseyerek hem ulusal hem de uluslararas\u0131 alanda [&hellip;]<\/p>\n","protected":false},"author":1,"featured_media":0,"parent":0,"menu_order":0,"comment_status":"closed","ping_status":"closed","template":"","meta":{"site-sidebar-layout":"default","site-content-layout":"","ast-site-content-layout":"","site-content-style":"default","site-sidebar-style":"default","ast-global-header-display":"","ast-banner-title-visibility":"","ast-main-header-display":"","ast-hfb-above-header-display":"","ast-hfb-below-header-display":"","ast-hfb-mobile-header-display":"","site-post-title":"","ast-breadcrumbs-content":"","ast-featured-img":"","footer-sml-layout":"","theme-transparent-header-meta":"","adv-header-id-meta":"","stick-header-meta":"","header-above-stick-meta":"","header-main-stick-meta":"","header-below-stick-meta":"","astra-migrate-meta-layouts":"default","ast-page-background-enabled":"default","ast-page-background-meta":{"desktop":{"background-color":"var(--ast-global-color-5)","background-image":"","background-repeat":"repeat","background-position":"center center","background-size":"auto","background-attachment":"scroll","background-type":"","background-media":"","overlay-type":"","overlay-color":"","overlay-opacity":"","overlay-gradient":""},"tablet":{"background-color":"","background-image":"","background-repeat":"repeat","background-position":"center center","background-size":"auto","background-attachment":"scroll","background-type":"","background-media":"","overlay-type":"","overlay-color":"","overlay-opacity":"","overlay-gradient":""},"mobile":{"background-color":"","background-image":"","background-repeat":"repeat","background-position":"center center","background-size":"auto","background-attachment":"scroll","background-type":"","background-media":"","overlay-type":"","overlay-color":"","overlay-opacity":"","overlay-gradient":""}},"ast-content-background-meta":{"desktop":{"background-color":"var(--ast-global-color-4)","background-image":"","background-repeat":"repeat","background-position":"center center","background-size":"auto","background-attachment":"scroll","background-type":"","background-media":"","overlay-type":"","overlay-color":"","overlay-opacity":"","overlay-gradient":""},"tablet":{"background-color":"var(--ast-global-color-4)","background-image":"","background-repeat":"repeat","background-position":"center center","background-size":"auto","background-attachment":"scroll","background-type":"","background-media":"","overlay-type":"","overlay-color":"","overlay-opacity":"","overlay-gradient":""},"mobile":{"background-color":"var(--ast-global-color-4)","background-image":"","background-repeat":"repeat","background-position":"center center","background-size":"auto","background-attachment":"scroll","background-type":"","background-media":"","overlay-type":"","overlay-color":"","overlay-opacity":"","overlay-gradient":""}},"footnotes":""},"class_list":["post-14","page","type-page","status-publish","hentry"],"_links":{"self":[{"href":"https:\/\/toskanamutfagim.com.tr\/index.php?rest_route=\/wp\/v2\/pages\/14","targetHints":{"allow":["GET"]}}],"collection":[{"href":"https:\/\/toskanamutfagim.com.tr\/index.php?rest_route=\/wp\/v2\/pages"}],"about":[{"href":"https:\/\/toskanamutfagim.com.tr\/index.php?rest_route=\/wp\/v2\/types\/page"}],"author":[{"embeddable":true,"href":"https:\/\/toskanamutfagim.com.tr\/index.php?rest_route=\/wp\/v2\/users\/1"}],"replies":[{"embeddable":true,"href":"https:\/\/toskanamutfagim.com.tr\/index.php?rest_route=%2Fwp%2Fv2%2Fcomments&post=14"}],"version-history":[{"count":3,"href":"https:\/\/toskanamutfagim.com.tr\/index.php?rest_route=\/wp\/v2\/pages\/14\/revisions"}],"predecessor-version":[{"id":169,"href":"https:\/\/toskanamutfagim.com.tr\/index.php?rest_route=\/wp\/v2\/pages\/14\/revisions\/169"}],"wp:attachment":[{"href":"https:\/\/toskanamutfagim.com.tr\/index.php?rest_route=%2Fwp%2Fv2%2Fmedia&parent=14"}],"curies":[{"name":"wp","href":"https:\/\/api.w.org\/{rel}","templated":true}]}}