{"id":142,"date":"2025-03-20T11:14:09","date_gmt":"2025-03-20T11:14:09","guid":{"rendered":"http:\/\/toskanamutfagim.com.tr\/?page_id=142"},"modified":"2025-03-20T11:14:09","modified_gmt":"2025-03-20T11:14:09","slug":"dugun-nisan-yemegi","status":"publish","type":"page","link":"https:\/\/toskanamutfagim.com.tr\/?page_id=142","title":{"rendered":"D\u00fc\u011f\u00fcn &amp; Ni\u015fan Yeme\u011fi"},"content":{"rendered":"\n<div class=\"wp-block-columns is-layout-flex wp-container-core-columns-is-layout-1 wp-block-columns-is-layout-flex\">\n<div class=\"wp-block-column is-layout-flow wp-block-column-is-layout-flow\">\n<figure class=\"wp-block-image size-full\"><img fetchpriority=\"high\" decoding=\"async\" width=\"800\" height=\"533\" src=\"https:\/\/toskanamutfagim.com.tr\/wp-content\/uploads\/2025\/03\/dugun-yemegi-1.jpg\" alt=\"\" class=\"wp-image-143\" srcset=\"https:\/\/toskanamutfagim.com.tr\/wp-content\/uploads\/2025\/03\/dugun-yemegi-1.jpg 800w, https:\/\/toskanamutfagim.com.tr\/wp-content\/uploads\/2025\/03\/dugun-yemegi-1-300x200.jpg 300w, https:\/\/toskanamutfagim.com.tr\/wp-content\/uploads\/2025\/03\/dugun-yemegi-1-768x512.jpg 768w\" sizes=\"(max-width: 800px) 100vw, 800px\" \/><\/figure>\n<\/div>\n\n\n\n<div class=\"wp-block-column is-layout-flow wp-block-column-is-layout-flow\">\n<p>D\u00fc\u011f\u00fcn ve Ni\u015fan Yeme\u011fi hizmetimiz, bu \u00f6zel g\u00fcnlerinizi kusursuz bir lezzet deneyimiyle ta\u00e7land\u0131rmak i\u00e7in tasarlanm\u0131\u015ft\u0131r. Uzman \u015feflerimiz taraf\u0131ndan haz\u0131rlanan e\u015fsiz men\u00fcler, misafirlerinize unutulmaz bir yemek deneyimi sunarken, \u015f\u0131kl\u0131\u011f\u0131 ve zarafeti bir arada hissettirir. Her damak zevkine hitap eden men\u00fc se\u00e7eneklerimiz, sizin ve sevdiklerinizin tercihleri do\u011frultusunda \u00f6zel olarak planlan\u0131r ve \u00f6zenle haz\u0131rlan\u0131r.<\/p>\n\n\n\n<p>Etkinlik mekan\u0131n\u0131zda titizlikle organize edilen yemek sunumlar\u0131m\u0131z, g\u00f6rsel bir \u015f\u00f6len yarat\u0131rken ayn\u0131 zamanda profesyonel ekibimizin g\u00fcler y\u00fczl\u00fc hizmetiyle birle\u015fir. Hijyen ve tazelik konusundaki hassasiyetimiz sayesinde her yeme\u011fimiz, misafirlerinize g\u00fcvenle sunulur.<\/p>\n\n\n\n<p>D\u00fc\u011f\u00fcn ve ni\u015fan yemeklerinizde, hayalinizdeki atmosferi yaratmak i\u00e7in esnek \u00e7\u00f6z\u00fcmler sunuyor ve g\u00fcn\u00fcn\u00fcz\u00fcn her detay\u0131n\u0131 \u00f6zel k\u0131lmay\u0131 hedefliyoruz. Bu unutulmaz anlarda, lezzet dolu bir deneyim i\u00e7in yan\u0131n\u0131zday\u0131z.<\/p>\n<\/div>\n<\/div>\n","protected":false},"excerpt":{"rendered":"<p>D\u00fc\u011f\u00fcn ve Ni\u015fan Yeme\u011fi hizmetimiz, bu \u00f6zel g\u00fcnlerinizi kusursuz bir lezzet deneyimiyle ta\u00e7land\u0131rmak i\u00e7in tasarlanm\u0131\u015ft\u0131r. Uzman \u015feflerimiz taraf\u0131ndan haz\u0131rlanan e\u015fsiz [&hellip;]<\/p>\n","protected":false},"author":1,"featured_media":0,"parent":0,"menu_order":0,"comment_status":"closed","ping_status":"closed","template":"","meta":{"site-sidebar-layout":"default","site-content-layout":"","ast-site-content-layout":"","site-content-style":"default","site-sidebar-style":"default","ast-global-header-display":"","ast-banner-title-visibility":"","ast-main-header-display":"","ast-hfb-above-header-display":"","ast-hfb-below-header-display":"","ast-hfb-mobile-header-display":"","site-post-title":"","ast-breadcrumbs-content":"","ast-featured-img":"","footer-sml-layout":"","theme-transparent-header-meta":"","adv-header-id-meta":"","stick-header-meta":"","header-above-stick-meta":"","header-main-stick-meta":"","header-below-stick-meta":"","astra-migrate-meta-layouts":"default","ast-page-background-enabled":"default","ast-page-background-meta":{"desktop":{"background-color":"var(--ast-global-color-5)","background-image":"","background-repeat":"repeat","background-position":"center center","background-size":"auto","background-attachment":"scroll","background-type":"","background-media":"","overlay-type":"","overlay-color":"","overlay-opacity":"","overlay-gradient":""},"tablet":{"background-color":"","background-image":"","background-repeat":"repeat","background-position":"center center","background-size":"auto","background-attachment":"scroll","background-type":"","background-media":"","overlay-type":"","overlay-color":"","overlay-opacity":"","overlay-gradient":""},"mobile":{"background-color":"","background-image":"","background-repeat":"repeat","background-position":"center center","background-size":"auto","background-attachment":"scroll","background-type":"","background-media":"","overlay-type":"","overlay-color":"","overlay-opacity":"","overlay-gradient":""}},"ast-content-background-meta":{"desktop":{"background-color":"var(--ast-global-color-4)","background-image":"","background-repeat":"repeat","background-position":"center center","background-size":"auto","background-attachment":"scroll","background-type":"","background-media":"","overlay-type":"","overlay-color":"","overlay-opacity":"","overlay-gradient":""},"tablet":{"background-color":"var(--ast-global-color-4)","background-image":"","background-repeat":"repeat","background-position":"center center","background-size":"auto","background-attachment":"scroll","background-type":"","background-media":"","overlay-type":"","overlay-color":"","overlay-opacity":"","overlay-gradient":""},"mobile":{"background-color":"var(--ast-global-color-4)","background-image":"","background-repeat":"repeat","background-position":"center center","background-size":"auto","background-attachment":"scroll","background-type":"","background-media":"","overlay-type":"","overlay-color":"","overlay-opacity":"","overlay-gradient":""}},"footnotes":""},"class_list":["post-142","page","type-page","status-publish","hentry"],"_links":{"self":[{"href":"https:\/\/toskanamutfagim.com.tr\/index.php?rest_route=\/wp\/v2\/pages\/142","targetHints":{"allow":["GET"]}}],"collection":[{"href":"https:\/\/toskanamutfagim.com.tr\/index.php?rest_route=\/wp\/v2\/pages"}],"about":[{"href":"https:\/\/toskanamutfagim.com.tr\/index.php?rest_route=\/wp\/v2\/types\/page"}],"author":[{"embeddable":true,"href":"https:\/\/toskanamutfagim.com.tr\/index.php?rest_route=\/wp\/v2\/users\/1"}],"replies":[{"embeddable":true,"href":"https:\/\/toskanamutfagim.com.tr\/index.php?rest_route=%2Fwp%2Fv2%2Fcomments&post=142"}],"version-history":[{"count":1,"href":"https:\/\/toskanamutfagim.com.tr\/index.php?rest_route=\/wp\/v2\/pages\/142\/revisions"}],"predecessor-version":[{"id":144,"href":"https:\/\/toskanamutfagim.com.tr\/index.php?rest_route=\/wp\/v2\/pages\/142\/revisions\/144"}],"wp:attachment":[{"href":"https:\/\/toskanamutfagim.com.tr\/index.php?rest_route=%2Fwp%2Fv2%2Fmedia&parent=142"}],"curies":[{"name":"wp","href":"https:\/\/api.w.org\/{rel}","templated":true}]}}