{"id":145,"date":"2025-03-20T11:18:26","date_gmt":"2025-03-20T11:18:26","guid":{"rendered":"http:\/\/toskanamutfagim.com.tr\/?page_id=145"},"modified":"2025-03-20T11:18:26","modified_gmt":"2025-03-20T11:18:26","slug":"seminer-yemegi","status":"publish","type":"page","link":"https:\/\/toskanamutfagim.com.tr\/?page_id=145","title":{"rendered":"Seminer Yeme\u011fi"},"content":{"rendered":"\n<div class=\"wp-block-columns is-layout-flex wp-container-core-columns-is-layout-1 wp-block-columns-is-layout-flex\">\n<div class=\"wp-block-column is-layout-flow wp-block-column-is-layout-flow\">\n<figure class=\"wp-block-image size-full\"><img fetchpriority=\"high\" decoding=\"async\" width=\"640\" height=\"370\" src=\"https:\/\/toskanamutfagim.com.tr\/wp-content\/uploads\/2025\/03\/seminer_yemegi-1.jpg\" alt=\"\" class=\"wp-image-147\" srcset=\"https:\/\/toskanamutfagim.com.tr\/wp-content\/uploads\/2025\/03\/seminer_yemegi-1.jpg 640w, https:\/\/toskanamutfagim.com.tr\/wp-content\/uploads\/2025\/03\/seminer_yemegi-1-300x173.jpg 300w\" sizes=\"(max-width: 640px) 100vw, 640px\" \/><\/figure>\n<\/div>\n\n\n\n<div class=\"wp-block-column is-layout-flow wp-block-column-is-layout-flow\">\n<p>Seminer yemek hizmetimiz, etkinli\u011finizin profesyonel ve verimli bir \u015fekilde ger\u00e7ekle\u015fmesini desteklemek i\u00e7in lezzetli \u00e7\u00f6z\u00fcmler sunar. Uzman \u015feflerimiz taraf\u0131ndan haz\u0131rlanan dengeli ve \u00f6zenle se\u00e7ilmi\u015f men\u00fcler, misafirlerinize kaliteli bir yemek deneyimi ya\u015fat\u0131r. Yemeklerimiz, g\u00fcn boyu s\u00fcren yo\u011fun seminerler s\u0131ras\u0131nda enerji ve motivasyonu art\u0131rmay\u0131 hedefler.<\/p>\n\n\n\n<p>Esnek men\u00fc se\u00e7eneklerimiz, kat\u0131l\u0131mc\u0131lar\u0131n diyet gereksinimleri ve tercihleri do\u011frultusunda \u00f6zelle\u015ftirilebilir. Sunumlar\u0131n aras\u0131nda ikramlardan ana yemeklere kadar her detay d\u00fc\u015f\u00fcn\u00fclerek haz\u0131rlanan hizmetimiz, kat\u0131l\u0131mc\u0131lar\u0131n\u0131z\u0131n hem keyifli hem de rahat bir yemek molas\u0131 ge\u00e7irmesini sa\u011flar. Hijyenik ko\u015fullarda titizlikle haz\u0131rlanan yemeklerimiz, hem sa\u011fl\u0131\u011f\u0131 hem de damak zevkini \u00f6n planda tutar.<\/p>\n\n\n\n<p>Seminer yemek hizmetimizle, etkinliklerinizde hem misafirlerinizi memnun edecek bir ortam yarat\u0131r hem de seminerinizin profesyonel atmosferini destekleriz. \u0130htiyac\u0131n\u0131za uygun detayl\u0131 bir planlama i\u00e7in her zaman yan\u0131n\u0131zday\u0131z.<\/p>\n<\/div>\n<\/div>\n","protected":false},"excerpt":{"rendered":"<p>Seminer yemek hizmetimiz, etkinli\u011finizin profesyonel ve verimli bir \u015fekilde ger\u00e7ekle\u015fmesini desteklemek i\u00e7in lezzetli \u00e7\u00f6z\u00fcmler sunar. Uzman \u015feflerimiz taraf\u0131ndan haz\u0131rlanan dengeli [&hellip;]<\/p>\n","protected":false},"author":1,"featured_media":0,"parent":0,"menu_order":0,"comment_status":"closed","ping_status":"closed","template":"","meta":{"site-sidebar-layout":"default","site-content-layout":"","ast-site-content-layout":"","site-content-style":"default","site-sidebar-style":"default","ast-global-header-display":"","ast-banner-title-visibility":"","ast-main-header-display":"","ast-hfb-above-header-display":"","ast-hfb-below-header-display":"","ast-hfb-mobile-header-display":"","site-post-title":"","ast-breadcrumbs-content":"","ast-featured-img":"","footer-sml-layout":"","theme-transparent-header-meta":"","adv-header-id-meta":"","stick-header-meta":"","header-above-stick-meta":"","header-main-stick-meta":"","header-below-stick-meta":"","astra-migrate-meta-layouts":"default","ast-page-background-enabled":"default","ast-page-background-meta":{"desktop":{"background-color":"var(--ast-global-color-5)","background-image":"","background-repeat":"repeat","background-position":"center center","background-size":"auto","background-attachment":"scroll","background-type":"","background-media":"","overlay-type":"","overlay-color":"","overlay-opacity":"","overlay-gradient":""},"tablet":{"background-color":"","background-image":"","background-repeat":"repeat","background-position":"center center","background-size":"auto","background-attachment":"scroll","background-type":"","background-media":"","overlay-type":"","overlay-color":"","overlay-opacity":"","overlay-gradient":""},"mobile":{"background-color":"","background-image":"","background-repeat":"repeat","background-position":"center center","background-size":"auto","background-attachment":"scroll","background-type":"","background-media":"","overlay-type":"","overlay-color":"","overlay-opacity":"","overlay-gradient":""}},"ast-content-background-meta":{"desktop":{"background-color":"var(--ast-global-color-4)","background-image":"","background-repeat":"repeat","background-position":"center center","background-size":"auto","background-attachment":"scroll","background-type":"","background-media":"","overlay-type":"","overlay-color":"","overlay-opacity":"","overlay-gradient":""},"tablet":{"background-color":"var(--ast-global-color-4)","background-image":"","background-repeat":"repeat","background-position":"center center","background-size":"auto","background-attachment":"scroll","background-type":"","background-media":"","overlay-type":"","overlay-color":"","overlay-opacity":"","overlay-gradient":""},"mobile":{"background-color":"var(--ast-global-color-4)","background-image":"","background-repeat":"repeat","background-position":"center center","background-size":"auto","background-attachment":"scroll","background-type":"","background-media":"","overlay-type":"","overlay-color":"","overlay-opacity":"","overlay-gradient":""}},"footnotes":""},"class_list":["post-145","page","type-page","status-publish","hentry"],"_links":{"self":[{"href":"https:\/\/toskanamutfagim.com.tr\/index.php?rest_route=\/wp\/v2\/pages\/145","targetHints":{"allow":["GET"]}}],"collection":[{"href":"https:\/\/toskanamutfagim.com.tr\/index.php?rest_route=\/wp\/v2\/pages"}],"about":[{"href":"https:\/\/toskanamutfagim.com.tr\/index.php?rest_route=\/wp\/v2\/types\/page"}],"author":[{"embeddable":true,"href":"https:\/\/toskanamutfagim.com.tr\/index.php?rest_route=\/wp\/v2\/users\/1"}],"replies":[{"embeddable":true,"href":"https:\/\/toskanamutfagim.com.tr\/index.php?rest_route=%2Fwp%2Fv2%2Fcomments&post=145"}],"version-history":[{"count":1,"href":"https:\/\/toskanamutfagim.com.tr\/index.php?rest_route=\/wp\/v2\/pages\/145\/revisions"}],"predecessor-version":[{"id":148,"href":"https:\/\/toskanamutfagim.com.tr\/index.php?rest_route=\/wp\/v2\/pages\/145\/revisions\/148"}],"wp:attachment":[{"href":"https:\/\/toskanamutfagim.com.tr\/index.php?rest_route=%2Fwp%2Fv2%2Fmedia&parent=145"}],"curies":[{"name":"wp","href":"https:\/\/api.w.org\/{rel}","templated":true}]}}