{"id":149,"date":"2025-03-20T11:21:34","date_gmt":"2025-03-20T11:21:34","guid":{"rendered":"http:\/\/toskanamutfagim.com.tr\/?page_id=149"},"modified":"2025-03-20T11:21:34","modified_gmt":"2025-03-20T11:21:34","slug":"alkollu-davet","status":"publish","type":"page","link":"https:\/\/toskanamutfagim.com.tr\/?page_id=149","title":{"rendered":"Alkoll\u00fc Davet"},"content":{"rendered":"\n<div class=\"wp-block-columns is-layout-flex wp-container-core-columns-is-layout-1 wp-block-columns-is-layout-flex\">\n<div class=\"wp-block-column is-layout-flow wp-block-column-is-layout-flow\">\n<figure class=\"wp-block-image size-large\"><img fetchpriority=\"high\" decoding=\"async\" width=\"1024\" height=\"683\" src=\"https:\/\/toskanamutfagim.com.tr\/wp-content\/uploads\/2025\/03\/alkollu_davet-1024x683.jpg\" alt=\"\" class=\"wp-image-150\" srcset=\"https:\/\/toskanamutfagim.com.tr\/wp-content\/uploads\/2025\/03\/alkollu_davet-1024x683.jpg 1024w, https:\/\/toskanamutfagim.com.tr\/wp-content\/uploads\/2025\/03\/alkollu_davet-300x200.jpg 300w, https:\/\/toskanamutfagim.com.tr\/wp-content\/uploads\/2025\/03\/alkollu_davet-768x512.jpg 768w, https:\/\/toskanamutfagim.com.tr\/wp-content\/uploads\/2025\/03\/alkollu_davet-1536x1024.jpg 1536w, https:\/\/toskanamutfagim.com.tr\/wp-content\/uploads\/2025\/03\/alkollu_davet-2048x1365.jpg 2048w\" sizes=\"(max-width: 1024px) 100vw, 1024px\" \/><\/figure>\n<\/div>\n\n\n\n<div class=\"wp-block-column is-layout-flow wp-block-column-is-layout-flow\">\n<p>Alkoll\u00fc Davet hizmetimiz, \u00f6zel etkinliklerinizi zarif bir atmosfer ve e\u015fsiz lezzetlerle ta\u00e7land\u0131rmak i\u00e7in tasarland\u0131. Profesyonel bar ekibimiz, en kaliteli i\u00e7ecekleri \u00f6zenle se\u00e7erek geni\u015f bir men\u00fc sunar; kokteyllerden \u015farap e\u015fle\u015ftirmelerine kadar her damak zevkine hitap eden se\u00e7eneklerimizle davetinizi benzersiz k\u0131lar.<\/p>\n\n\n\n<p>Etkinlik boyunca g\u00fcler y\u00fczl\u00fc ve deneyimli bar ekibimiz, misafirlerinizin memnuniyetini sa\u011flamak i\u00e7in titizlikle \u00e7al\u0131\u015f\u0131r. Her bir detay, organizasyonunuzu unutulmaz hale getirmek i\u00e7in \u00f6zenle planlan\u0131r. \u015e\u0131k sunumlar, yarat\u0131c\u0131 i\u00e7ecekler ve etkileyici bir servis anlay\u0131\u015f\u0131yla \u00f6zel g\u00fcnlerinizi daha keyifli ve prestijli bir hale getirmeyi hedefliyoruz.<\/p>\n\n\n\n<p>Alkoll\u00fc Davet hizmetimizle, sevdiklerinizle birlikte \u00f6zel anlar payla\u015fman\u0131z i\u00e7in zarafeti ve lezzeti bir araya getiriyoruz. Size ve misafirlerinize kusursuz bir deneyim sunmak i\u00e7in buraday\u0131z.<\/p>\n<\/div>\n<\/div>\n","protected":false},"excerpt":{"rendered":"<p>Alkoll\u00fc Davet hizmetimiz, \u00f6zel etkinliklerinizi zarif bir atmosfer ve e\u015fsiz lezzetlerle ta\u00e7land\u0131rmak i\u00e7in tasarland\u0131. Profesyonel bar ekibimiz, en kaliteli i\u00e7ecekleri [&hellip;]<\/p>\n","protected":false},"author":1,"featured_media":0,"parent":0,"menu_order":0,"comment_status":"closed","ping_status":"closed","template":"","meta":{"site-sidebar-layout":"default","site-content-layout":"","ast-site-content-layout":"","site-content-style":"default","site-sidebar-style":"default","ast-global-header-display":"","ast-banner-title-visibility":"","ast-main-header-display":"","ast-hfb-above-header-display":"","ast-hfb-below-header-display":"","ast-hfb-mobile-header-display":"","site-post-title":"","ast-breadcrumbs-content":"","ast-featured-img":"","footer-sml-layout":"","theme-transparent-header-meta":"","adv-header-id-meta":"","stick-header-meta":"","header-above-stick-meta":"","header-main-stick-meta":"","header-below-stick-meta":"","astra-migrate-meta-layouts":"default","ast-page-background-enabled":"default","ast-page-background-meta":{"desktop":{"background-color":"var(--ast-global-color-5)","background-image":"","background-repeat":"repeat","background-position":"center center","background-size":"auto","background-attachment":"scroll","background-type":"","background-media":"","overlay-type":"","overlay-color":"","overlay-opacity":"","overlay-gradient":""},"tablet":{"background-color":"","background-image":"","background-repeat":"repeat","background-position":"center center","background-size":"auto","background-attachment":"scroll","background-type":"","background-media":"","overlay-type":"","overlay-color":"","overlay-opacity":"","overlay-gradient":""},"mobile":{"background-color":"","background-image":"","background-repeat":"repeat","background-position":"center center","background-size":"auto","background-attachment":"scroll","background-type":"","background-media":"","overlay-type":"","overlay-color":"","overlay-opacity":"","overlay-gradient":""}},"ast-content-background-meta":{"desktop":{"background-color":"var(--ast-global-color-4)","background-image":"","background-repeat":"repeat","background-position":"center center","background-size":"auto","background-attachment":"scroll","background-type":"","background-media":"","overlay-type":"","overlay-color":"","overlay-opacity":"","overlay-gradient":""},"tablet":{"background-color":"var(--ast-global-color-4)","background-image":"","background-repeat":"repeat","background-position":"center center","background-size":"auto","background-attachment":"scroll","background-type":"","background-media":"","overlay-type":"","overlay-color":"","overlay-opacity":"","overlay-gradient":""},"mobile":{"background-color":"var(--ast-global-color-4)","background-image":"","background-repeat":"repeat","background-position":"center center","background-size":"auto","background-attachment":"scroll","background-type":"","background-media":"","overlay-type":"","overlay-color":"","overlay-opacity":"","overlay-gradient":""}},"footnotes":""},"class_list":["post-149","page","type-page","status-publish","hentry"],"_links":{"self":[{"href":"https:\/\/toskanamutfagim.com.tr\/index.php?rest_route=\/wp\/v2\/pages\/149","targetHints":{"allow":["GET"]}}],"collection":[{"href":"https:\/\/toskanamutfagim.com.tr\/index.php?rest_route=\/wp\/v2\/pages"}],"about":[{"href":"https:\/\/toskanamutfagim.com.tr\/index.php?rest_route=\/wp\/v2\/types\/page"}],"author":[{"embeddable":true,"href":"https:\/\/toskanamutfagim.com.tr\/index.php?rest_route=\/wp\/v2\/users\/1"}],"replies":[{"embeddable":true,"href":"https:\/\/toskanamutfagim.com.tr\/index.php?rest_route=%2Fwp%2Fv2%2Fcomments&post=149"}],"version-history":[{"count":1,"href":"https:\/\/toskanamutfagim.com.tr\/index.php?rest_route=\/wp\/v2\/pages\/149\/revisions"}],"predecessor-version":[{"id":151,"href":"https:\/\/toskanamutfagim.com.tr\/index.php?rest_route=\/wp\/v2\/pages\/149\/revisions\/151"}],"wp:attachment":[{"href":"https:\/\/toskanamutfagim.com.tr\/index.php?rest_route=%2Fwp%2Fv2%2Fmedia&parent=149"}],"curies":[{"name":"wp","href":"https:\/\/api.w.org\/{rel}","templated":true}]}}