{"id":155,"date":"2025-03-20T11:38:39","date_gmt":"2025-03-20T11:38:39","guid":{"rendered":"http:\/\/toskanamutfagim.com.tr\/?page_id=155"},"modified":"2025-03-20T11:38:39","modified_gmt":"2025-03-20T11:38:39","slug":"mevlit-yemegi","status":"publish","type":"page","link":"https:\/\/toskanamutfagim.com.tr\/?page_id=155","title":{"rendered":"Mevlit Yeme\u011fi"},"content":{"rendered":"\n<div class=\"wp-block-columns is-layout-flex wp-container-core-columns-is-layout-1 wp-block-columns-is-layout-flex\">\n<div class=\"wp-block-column is-layout-flow wp-block-column-is-layout-flow\">\n<figure class=\"wp-block-image size-large\"><img fetchpriority=\"high\" decoding=\"async\" width=\"1024\" height=\"762\" src=\"https:\/\/toskanamutfagim.com.tr\/wp-content\/uploads\/2025\/03\/mevlid-yemegi-1024x762.jpg\" alt=\"\" class=\"wp-image-156\" srcset=\"https:\/\/toskanamutfagim.com.tr\/wp-content\/uploads\/2025\/03\/mevlid-yemegi-1024x762.jpg 1024w, https:\/\/toskanamutfagim.com.tr\/wp-content\/uploads\/2025\/03\/mevlid-yemegi-300x223.jpg 300w, https:\/\/toskanamutfagim.com.tr\/wp-content\/uploads\/2025\/03\/mevlid-yemegi-768x571.jpg 768w, https:\/\/toskanamutfagim.com.tr\/wp-content\/uploads\/2025\/03\/mevlid-yemegi-1536x1143.jpg 1536w, https:\/\/toskanamutfagim.com.tr\/wp-content\/uploads\/2025\/03\/mevlid-yemegi.jpg 2000w\" sizes=\"(max-width: 1024px) 100vw, 1024px\" \/><\/figure>\n<\/div>\n\n\n\n<div class=\"wp-block-column is-layout-flow wp-block-column-is-layout-flow\">\n<p>Mevlid ve cenaze yemek hizmetlerimiz, hayat\u0131n en \u00f6zel ve anlaml\u0131 anlar\u0131nda yan\u0131n\u0131zda olmak i\u00e7in \u00f6zenle tasarlanm\u0131\u015ft\u0131r. \u0130ster sevdiklerinize dualar e\u015fli\u011finde bir araya geldi\u011finiz mevlid organizasyonlar\u0131nda, ister zor g\u00fcnlerde destek olmay\u0131 ama\u00e7lad\u0131\u011f\u0131n\u0131z cenaze yemeklerinde, kaliteli ve g\u00fcvenilir hizmetimizle her an\u0131n\u0131zda yan\u0131n\u0131zday\u0131z.<\/p>\n\n\n\n<p>Mevlid yemeklerimiz, geleneksel damak zevkine uygun, \u00f6zenle haz\u0131rlanm\u0131\u015f lezzetlerle misafirlerinizi a\u011f\u0131rlaman\u0131za yard\u0131mc\u0131 olur. Men\u00fclerimiz, bu \u00f6zel anlar\u0131n maneviyat\u0131na uygun olarak hijyenik ko\u015fullarda haz\u0131rlan\u0131r ve profesyonel sunumlarla servis edilir. \u00c7orba, ana yemek, tatl\u0131 ve di\u011fer ikramlarla, misafirlerinize unutulmaz bir yemek deneyimi sunmay\u0131 hedefliyoruz.<\/p>\n\n\n\n<p>Cenaze yemek hizmetlerimiz, bu zor g\u00fcnlerde y\u00fck\u00fcn\u00fcz\u00fc hafifletmek i\u00e7in titizlikle organize edilir. Sade ve \u015f\u0131k sunumlarla, sevdiklerinize s\u0131cak bir ortamda destek olman\u0131z\u0131 sa\u011flar. Haz\u0131rlad\u0131\u011f\u0131m\u0131z men\u00fcler, misafirlerinizi en iyi \u015fekilde a\u011f\u0131rlamak i\u00e7in \u00f6zenle planlan\u0131r ve zaman\u0131nda teslim edilir.<\/p>\n<\/div>\n<\/div>\n","protected":false},"excerpt":{"rendered":"<p>Mevlid ve cenaze yemek hizmetlerimiz, hayat\u0131n en \u00f6zel ve anlaml\u0131 anlar\u0131nda yan\u0131n\u0131zda olmak i\u00e7in \u00f6zenle tasarlanm\u0131\u015ft\u0131r. \u0130ster sevdiklerinize dualar e\u015fli\u011finde [&hellip;]<\/p>\n","protected":false},"author":1,"featured_media":0,"parent":0,"menu_order":0,"comment_status":"closed","ping_status":"closed","template":"","meta":{"site-sidebar-layout":"default","site-content-layout":"","ast-site-content-layout":"","site-content-style":"default","site-sidebar-style":"default","ast-global-header-display":"","ast-banner-title-visibility":"","ast-main-header-display":"","ast-hfb-above-header-display":"","ast-hfb-below-header-display":"","ast-hfb-mobile-header-display":"","site-post-title":"","ast-breadcrumbs-content":"","ast-featured-img":"","footer-sml-layout":"","theme-transparent-header-meta":"","adv-header-id-meta":"","stick-header-meta":"","header-above-stick-meta":"","header-main-stick-meta":"","header-below-stick-meta":"","astra-migrate-meta-layouts":"default","ast-page-background-enabled":"default","ast-page-background-meta":{"desktop":{"background-color":"var(--ast-global-color-5)","background-image":"","background-repeat":"repeat","background-position":"center center","background-size":"auto","background-attachment":"scroll","background-type":"","background-media":"","overlay-type":"","overlay-color":"","overlay-opacity":"","overlay-gradient":""},"tablet":{"background-color":"","background-image":"","background-repeat":"repeat","background-position":"center center","background-size":"auto","background-attachment":"scroll","background-type":"","background-media":"","overlay-type":"","overlay-color":"","overlay-opacity":"","overlay-gradient":""},"mobile":{"background-color":"","background-image":"","background-repeat":"repeat","background-position":"center center","background-size":"auto","background-attachment":"scroll","background-type":"","background-media":"","overlay-type":"","overlay-color":"","overlay-opacity":"","overlay-gradient":""}},"ast-content-background-meta":{"desktop":{"background-color":"var(--ast-global-color-4)","background-image":"","background-repeat":"repeat","background-position":"center center","background-size":"auto","background-attachment":"scroll","background-type":"","background-media":"","overlay-type":"","overlay-color":"","overlay-opacity":"","overlay-gradient":""},"tablet":{"background-color":"var(--ast-global-color-4)","background-image":"","background-repeat":"repeat","background-position":"center center","background-size":"auto","background-attachment":"scroll","background-type":"","background-media":"","overlay-type":"","overlay-color":"","overlay-opacity":"","overlay-gradient":""},"mobile":{"background-color":"var(--ast-global-color-4)","background-image":"","background-repeat":"repeat","background-position":"center center","background-size":"auto","background-attachment":"scroll","background-type":"","background-media":"","overlay-type":"","overlay-color":"","overlay-opacity":"","overlay-gradient":""}},"footnotes":""},"class_list":["post-155","page","type-page","status-publish","hentry"],"_links":{"self":[{"href":"https:\/\/toskanamutfagim.com.tr\/index.php?rest_route=\/wp\/v2\/pages\/155","targetHints":{"allow":["GET"]}}],"collection":[{"href":"https:\/\/toskanamutfagim.com.tr\/index.php?rest_route=\/wp\/v2\/pages"}],"about":[{"href":"https:\/\/toskanamutfagim.com.tr\/index.php?rest_route=\/wp\/v2\/types\/page"}],"author":[{"embeddable":true,"href":"https:\/\/toskanamutfagim.com.tr\/index.php?rest_route=\/wp\/v2\/users\/1"}],"replies":[{"embeddable":true,"href":"https:\/\/toskanamutfagim.com.tr\/index.php?rest_route=%2Fwp%2Fv2%2Fcomments&post=155"}],"version-history":[{"count":1,"href":"https:\/\/toskanamutfagim.com.tr\/index.php?rest_route=\/wp\/v2\/pages\/155\/revisions"}],"predecessor-version":[{"id":157,"href":"https:\/\/toskanamutfagim.com.tr\/index.php?rest_route=\/wp\/v2\/pages\/155\/revisions\/157"}],"wp:attachment":[{"href":"https:\/\/toskanamutfagim.com.tr\/index.php?rest_route=%2Fwp%2Fv2%2Fmedia&parent=155"}],"curies":[{"name":"wp","href":"https:\/\/api.w.org\/{rel}","templated":true}]}}