{"id":7,"date":"2025-03-10T09:49:25","date_gmt":"2025-03-10T09:49:25","guid":{"rendered":"http:\/\/toskanamutfagim.com.tr\/?page_id=7"},"modified":"2025-03-24T12:35:00","modified_gmt":"2025-03-24T12:35:00","slug":"anasayfa","status":"publish","type":"page","link":"https:\/\/toskanamutfagim.com.tr\/","title":{"rendered":"Anasayfa"},"content":{"rendered":"\n<figure class=\"wp-block-image alignfull size-large wp-duotone-unset-1\"><img fetchpriority=\"high\" decoding=\"async\" width=\"1024\" height=\"354\" src=\"https:\/\/toskanamutfagim.com.tr\/wp-content\/uploads\/2025\/03\/personel-yemek-hizmetleri-1-1024x354.jpg\" alt=\"\" class=\"wp-image-122\" srcset=\"https:\/\/toskanamutfagim.com.tr\/wp-content\/uploads\/2025\/03\/personel-yemek-hizmetleri-1-1024x354.jpg 1024w, https:\/\/toskanamutfagim.com.tr\/wp-content\/uploads\/2025\/03\/personel-yemek-hizmetleri-1-300x104.jpg 300w, https:\/\/toskanamutfagim.com.tr\/wp-content\/uploads\/2025\/03\/personel-yemek-hizmetleri-1-768x265.jpg 768w, https:\/\/toskanamutfagim.com.tr\/wp-content\/uploads\/2025\/03\/personel-yemek-hizmetleri-1.jpg 1280w\" sizes=\"(max-width: 1024px) 100vw, 1024px\" \/><\/figure>\n\n\n\n<div style=\"height:19px\" aria-hidden=\"true\" class=\"wp-block-spacer\"><\/div>\n\n\n\n<figure class=\"wp-block-image aligncenter size-large is-resized\"><img decoding=\"async\" width=\"1024\" height=\"610\" src=\"https:\/\/toskanamutfagim.com.tr\/wp-content\/uploads\/2025\/03\/cropped-toskana_logo-1024x610.png\" alt=\"\" class=\"wp-image-19\" style=\"width:405px;height:auto\" srcset=\"https:\/\/toskanamutfagim.com.tr\/wp-content\/uploads\/2025\/03\/cropped-toskana_logo-1024x610.png 1024w, https:\/\/toskanamutfagim.com.tr\/wp-content\/uploads\/2025\/03\/cropped-toskana_logo-300x179.png 300w, https:\/\/toskanamutfagim.com.tr\/wp-content\/uploads\/2025\/03\/cropped-toskana_logo-768x458.png 768w, https:\/\/toskanamutfagim.com.tr\/wp-content\/uploads\/2025\/03\/cropped-toskana_logo-1536x915.png 1536w, https:\/\/toskanamutfagim.com.tr\/wp-content\/uploads\/2025\/03\/cropped-toskana_logo-2048x1220.png 2048w, https:\/\/toskanamutfagim.com.tr\/wp-content\/uploads\/2025\/03\/cropped-toskana_logo-236x141.png 236w\" sizes=\"(max-width: 1024px) 100vw, 1024px\" \/><\/figure>\n\n\n\n<h2 class=\"wp-block-heading alignfull has-text-align-center\">Geleneksel T\u00fcrk Mutfa\u011f\u0131 ve D\u00fcnya Standartlar\u0131ndaki Kalitenin Bulu\u015fmas\u0131na Haz\u0131r m\u0131s\u0131n\u0131z?<\/h2>\n\n\n\n<p class=\"has-text-align-center has-medium-font-size\"><strong>Modern gastronomi ve geleneksel lezzetlerin birbiri ile bulu\u015fmas\u0131na \u015fahit olun. Personel yeme\u011fi, davet organizasyon yemekleri, d\u00fc\u011f\u00fcn, ni\u015fan, k\u0131na, a\u00e7\u0131l\u0131\u015f  gibi t\u00fcm organizasyonlar\u0131n\u0131zda yan\u0131n\u0131zday\u0131z..<\/strong><\/p>\n\n\n\n<div class=\"wp-block-columns is-layout-flex wp-container-core-columns-is-layout-1 wp-block-columns-is-layout-flex\">\n<div class=\"wp-block-column is-layout-flow wp-block-column-is-layout-flow\">\n<figure class=\"wp-block-image aligncenter size-full is-resized\"><img decoding=\"async\" width=\"1000\" height=\"563\" src=\"https:\/\/toskanamutfagim.com.tr\/wp-content\/uploads\/2025\/03\/sivas-catering-yemek.jpg\" alt=\"\" class=\"wp-image-45\" style=\"width:504px;height:auto\" srcset=\"https:\/\/toskanamutfagim.com.tr\/wp-content\/uploads\/2025\/03\/sivas-catering-yemek.jpg 1000w, https:\/\/toskanamutfagim.com.tr\/wp-content\/uploads\/2025\/03\/sivas-catering-yemek-300x169.jpg 300w, https:\/\/toskanamutfagim.com.tr\/wp-content\/uploads\/2025\/03\/sivas-catering-yemek-768x432.jpg 768w\" sizes=\"(max-width: 1000px) 100vw, 1000px\" \/><\/figure>\n<\/div>\n\n\n\n<div class=\"wp-block-column is-layout-flow wp-block-column-is-layout-flow\">\n<figure class=\"wp-block-image aligncenter size-full is-resized\"><img loading=\"lazy\" decoding=\"async\" width=\"1000\" height=\"635\" src=\"https:\/\/toskanamutfagim.com.tr\/wp-content\/uploads\/2025\/03\/catering-3.jpg\" alt=\"\" class=\"wp-image-44\" style=\"width:447px;height:auto\" srcset=\"https:\/\/toskanamutfagim.com.tr\/wp-content\/uploads\/2025\/03\/catering-3.jpg 1000w, https:\/\/toskanamutfagim.com.tr\/wp-content\/uploads\/2025\/03\/catering-3-300x191.jpg 300w, https:\/\/toskanamutfagim.com.tr\/wp-content\/uploads\/2025\/03\/catering-3-768x488.jpg 768w\" sizes=\"(max-width: 1000px) 100vw, 1000px\" \/><\/figure>\n<\/div>\n<\/div>\n\n\n\n<div class=\"wp-block-columns is-layout-flex wp-container-core-columns-is-layout-2 wp-block-columns-is-layout-flex\">\n<div class=\"wp-block-column is-layout-flow wp-block-column-is-layout-flow\">\n<h2 class=\"wp-block-heading has-text-align-center\">Firmam\u0131z\u0131n \u00fcretti\u011fi ve sizlere sundu\u011fu b\u00fct\u00fcn yemek \u00e7e\u015fitlerinde kullan\u0131lan malzemeler g\u0131da maddeleri t\u00fcz\u00fc\u011f\u00fcne uygun ve T\u00fcrk Standartlar\u0131 Enstit\u00fcs\u00fc\u2019n\u00fcn onay\u0131ndan ge\u00e7mi\u015f \u00fcr\u00fcnlerdir. \u0130stanbul catering firmalar\u0131 aras\u0131nda her zaman kaliteli ve g\u00fcvenli bir \u015fekilde var olmam\u0131z\u0131n sebebi bu ilkeleri kendimize a\u015f\u0131lamaz kural belirlememizdir.<\/h2>\n<\/div>\n<\/div>\n\n\n\n<div class=\"wp-block-columns is-layout-flex wp-container-core-columns-is-layout-3 wp-block-columns-is-layout-flex\">\n<div class=\"wp-block-column is-layout-flow wp-block-column-is-layout-flow\">\n<figure class=\"wp-block-image aligncenter size-full is-resized\"><img loading=\"lazy\" decoding=\"async\" width=\"317\" height=\"159\" src=\"https:\/\/toskanamutfagim.com.tr\/wp-content\/uploads\/2025\/03\/WhatsApp-Gorsel-2025-03-10-saat-16.03.30_02a2ec29.jpg\" alt=\"\" class=\"wp-image-118\" style=\"width:540px;height:auto\" srcset=\"https:\/\/toskanamutfagim.com.tr\/wp-content\/uploads\/2025\/03\/WhatsApp-Gorsel-2025-03-10-saat-16.03.30_02a2ec29.jpg 317w, https:\/\/toskanamutfagim.com.tr\/wp-content\/uploads\/2025\/03\/WhatsApp-Gorsel-2025-03-10-saat-16.03.30_02a2ec29-300x150.jpg 300w\" sizes=\"(max-width: 317px) 100vw, 317px\" \/><\/figure>\n<\/div>\n\n\n\n<div class=\"wp-block-column is-layout-flow wp-block-column-is-layout-flow\">\n<figure class=\"wp-block-image aligncenter size-full is-resized\"><img loading=\"lazy\" decoding=\"async\" width=\"600\" height=\"369\" src=\"https:\/\/toskanamutfagim.com.tr\/wp-content\/uploads\/2025\/03\/WhatsApp-Gorsel-2025-03-10-saat-16.03.29_9676a80a.jpg\" alt=\"\" class=\"wp-image-120\" style=\"width:447px;height:auto\" srcset=\"https:\/\/toskanamutfagim.com.tr\/wp-content\/uploads\/2025\/03\/WhatsApp-Gorsel-2025-03-10-saat-16.03.29_9676a80a.jpg 600w, https:\/\/toskanamutfagim.com.tr\/wp-content\/uploads\/2025\/03\/WhatsApp-Gorsel-2025-03-10-saat-16.03.29_9676a80a-300x185.jpg 300w\" sizes=\"(max-width: 600px) 100vw, 600px\" \/><\/figure>\n<\/div>\n<\/div>\n\n\n\n<div style=\"height:83px\" aria-hidden=\"true\" class=\"wp-block-spacer\"><\/div>\n\n\n\n<figure class=\"wp-block-image aligncenter size-large is-resized\"><img loading=\"lazy\" decoding=\"async\" width=\"1024\" height=\"172\" src=\"https:\/\/toskanamutfagim.com.tr\/wp-content\/uploads\/2025\/03\/hzm2-1024x172.png\" alt=\"\" class=\"wp-image-114\" style=\"width:804px;height:auto\" srcset=\"https:\/\/toskanamutfagim.com.tr\/wp-content\/uploads\/2025\/03\/hzm2-1024x172.png 1024w, https:\/\/toskanamutfagim.com.tr\/wp-content\/uploads\/2025\/03\/hzm2-300x50.png 300w, https:\/\/toskanamutfagim.com.tr\/wp-content\/uploads\/2025\/03\/hzm2-768x129.png 768w, https:\/\/toskanamutfagim.com.tr\/wp-content\/uploads\/2025\/03\/hzm2.png 1106w\" sizes=\"(max-width: 1024px) 100vw, 1024px\" \/><\/figure>\n\n\n\n<div class=\"wp-block-columns is-layout-flex wp-container-core-columns-is-layout-4 wp-block-columns-is-layout-flex\">\n<div class=\"wp-block-column is-layout-flow wp-block-column-is-layout-flow\">\n<figure class=\"wp-block-image size-full\"><a href=\"https:\/\/toskanamutfagim.com.tr\/?page_id=130\"><img loading=\"lazy\" decoding=\"async\" width=\"500\" height=\"500\" src=\"https:\/\/toskanamutfagim.com.tr\/wp-content\/uploads\/2025\/03\/tasima.jpg\" alt=\"\" class=\"wp-image-50\" srcset=\"https:\/\/toskanamutfagim.com.tr\/wp-content\/uploads\/2025\/03\/tasima.jpg 500w, https:\/\/toskanamutfagim.com.tr\/wp-content\/uploads\/2025\/03\/tasima-300x300.jpg 300w, https:\/\/toskanamutfagim.com.tr\/wp-content\/uploads\/2025\/03\/tasima-150x150.jpg 150w\" sizes=\"(max-width: 500px) 100vw, 500px\" \/><\/a><\/figure>\n\n\n\n<h2 class=\"wp-block-heading has-text-align-center\">Ta\u015f\u0131ma Yemek <\/h2>\n<\/div>\n\n\n\n<div class=\"wp-block-column is-layout-flow wp-block-column-is-layout-flow\">\n<figure class=\"wp-block-image size-full\"><a href=\"https:\/\/toskanamutfagim.com.tr\/?page_id=133\"><img loading=\"lazy\" decoding=\"async\" width=\"500\" height=\"500\" src=\"https:\/\/toskanamutfagim.com.tr\/wp-content\/uploads\/2025\/03\/yerinde-uretim-3.jpg\" alt=\"\" class=\"wp-image-51\" srcset=\"https:\/\/toskanamutfagim.com.tr\/wp-content\/uploads\/2025\/03\/yerinde-uretim-3.jpg 500w, https:\/\/toskanamutfagim.com.tr\/wp-content\/uploads\/2025\/03\/yerinde-uretim-3-300x300.jpg 300w, https:\/\/toskanamutfagim.com.tr\/wp-content\/uploads\/2025\/03\/yerinde-uretim-3-150x150.jpg 150w\" sizes=\"(max-width: 500px) 100vw, 500px\" \/><\/a><\/figure>\n\n\n\n<h2 class=\"wp-block-heading has-text-align-center\">Yerinde \u00dcretim<\/h2>\n<\/div>\n\n\n\n<div class=\"wp-block-column is-layout-flow wp-block-column-is-layout-flow\">\n<figure class=\"wp-block-image size-full\"><a href=\"https:\/\/toskanamutfagim.com.tr\/?page_id=136\"><img loading=\"lazy\" decoding=\"async\" width=\"500\" height=\"500\" src=\"https:\/\/toskanamutfagim.com.tr\/wp-content\/uploads\/2025\/03\/kurumsal-davet.jpg\" alt=\"\" class=\"wp-image-52\" srcset=\"https:\/\/toskanamutfagim.com.tr\/wp-content\/uploads\/2025\/03\/kurumsal-davet.jpg 500w, https:\/\/toskanamutfagim.com.tr\/wp-content\/uploads\/2025\/03\/kurumsal-davet-300x300.jpg 300w, https:\/\/toskanamutfagim.com.tr\/wp-content\/uploads\/2025\/03\/kurumsal-davet-150x150.jpg 150w\" sizes=\"(max-width: 500px) 100vw, 500px\" \/><\/a><\/figure>\n\n\n\n<h2 class=\"wp-block-heading has-text-align-center\">Kurumsal Davet<\/h2>\n<\/div>\n<\/div>\n\n\n\n<div class=\"wp-block-columns is-layout-flex wp-container-core-columns-is-layout-5 wp-block-columns-is-layout-flex\">\n<div class=\"wp-block-column is-layout-flow wp-block-column-is-layout-flow\">\n<figure class=\"wp-block-image size-full\"><a href=\"https:\/\/toskanamutfagim.com.tr\/?page_id=139\"><img loading=\"lazy\" decoding=\"async\" width=\"500\" height=\"500\" src=\"https:\/\/toskanamutfagim.com.tr\/wp-content\/uploads\/2025\/03\/yemeklidavet-3.jpg\" alt=\"\" class=\"wp-image-61\" srcset=\"https:\/\/toskanamutfagim.com.tr\/wp-content\/uploads\/2025\/03\/yemeklidavet-3.jpg 500w, https:\/\/toskanamutfagim.com.tr\/wp-content\/uploads\/2025\/03\/yemeklidavet-3-300x300.jpg 300w, https:\/\/toskanamutfagim.com.tr\/wp-content\/uploads\/2025\/03\/yemeklidavet-3-150x150.jpg 150w\" sizes=\"(max-width: 500px) 100vw, 500px\" \/><\/a><\/figure>\n\n\n\n<h2 class=\"wp-block-heading has-text-align-center\">Yemekli Davet<\/h2>\n<\/div>\n\n\n\n<div class=\"wp-block-column is-layout-flow wp-block-column-is-layout-flow\">\n<figure class=\"wp-block-image size-full\"><a href=\"https:\/\/toskanamutfagim.com.tr\/?page_id=142\"><img loading=\"lazy\" decoding=\"async\" width=\"500\" height=\"500\" src=\"https:\/\/toskanamutfagim.com.tr\/wp-content\/uploads\/2025\/03\/dugun-yemegi.jpg\" alt=\"\" class=\"wp-image-62\" srcset=\"https:\/\/toskanamutfagim.com.tr\/wp-content\/uploads\/2025\/03\/dugun-yemegi.jpg 500w, https:\/\/toskanamutfagim.com.tr\/wp-content\/uploads\/2025\/03\/dugun-yemegi-300x300.jpg 300w, https:\/\/toskanamutfagim.com.tr\/wp-content\/uploads\/2025\/03\/dugun-yemegi-150x150.jpg 150w\" sizes=\"(max-width: 500px) 100vw, 500px\" \/><\/a><\/figure>\n\n\n\n<h2 class=\"wp-block-heading has-text-align-center\">D\u00fc\u011f\u00fcn Ni\u015fan<\/h2>\n<\/div>\n\n\n\n<div class=\"wp-block-column is-layout-flow wp-block-column-is-layout-flow\">\n<figure class=\"wp-block-image size-full\"><a href=\"https:\/\/toskanamutfagim.com.tr\/?page_id=145\"><img loading=\"lazy\" decoding=\"async\" width=\"500\" height=\"500\" src=\"https:\/\/toskanamutfagim.com.tr\/wp-content\/uploads\/2025\/03\/seminer.jpg\" alt=\"\" class=\"wp-image-63\" srcset=\"https:\/\/toskanamutfagim.com.tr\/wp-content\/uploads\/2025\/03\/seminer.jpg 500w, https:\/\/toskanamutfagim.com.tr\/wp-content\/uploads\/2025\/03\/seminer-300x300.jpg 300w, https:\/\/toskanamutfagim.com.tr\/wp-content\/uploads\/2025\/03\/seminer-150x150.jpg 150w\" sizes=\"(max-width: 500px) 100vw, 500px\" \/><\/a><\/figure>\n\n\n\n<h2 class=\"wp-block-heading has-text-align-center\">Seminer Yeme\u011fi<\/h2>\n<\/div>\n<\/div>\n\n\n\n<div class=\"wp-block-columns is-layout-flex wp-container-core-columns-is-layout-6 wp-block-columns-is-layout-flex\">\n<div class=\"wp-block-column is-layout-flow wp-block-column-is-layout-flow\">\n<figure class=\"wp-block-image size-full\"><a href=\"https:\/\/toskanamutfagim.com.tr\/?page_id=149\"><img loading=\"lazy\" decoding=\"async\" width=\"500\" height=\"500\" src=\"https:\/\/toskanamutfagim.com.tr\/wp-content\/uploads\/2025\/03\/alkollu-davet.jpg\" alt=\"\" class=\"wp-image-64\" srcset=\"https:\/\/toskanamutfagim.com.tr\/wp-content\/uploads\/2025\/03\/alkollu-davet.jpg 500w, https:\/\/toskanamutfagim.com.tr\/wp-content\/uploads\/2025\/03\/alkollu-davet-300x300.jpg 300w, https:\/\/toskanamutfagim.com.tr\/wp-content\/uploads\/2025\/03\/alkollu-davet-150x150.jpg 150w\" sizes=\"(max-width: 500px) 100vw, 500px\" \/><\/a><\/figure>\n\n\n\n<h2 class=\"wp-block-heading has-text-align-center\">Alkoll\u00fc Davet<\/h2>\n<\/div>\n\n\n\n<div class=\"wp-block-column is-layout-flow wp-block-column-is-layout-flow\">\n<figure class=\"wp-block-image size-full\"><a href=\"https:\/\/toskanamutfagim.com.tr\/?page_id=152\"><img loading=\"lazy\" decoding=\"async\" width=\"500\" height=\"500\" src=\"https:\/\/toskanamutfagim.com.tr\/wp-content\/uploads\/2025\/03\/toplanti.jpg\" alt=\"\" class=\"wp-image-65\" srcset=\"https:\/\/toskanamutfagim.com.tr\/wp-content\/uploads\/2025\/03\/toplanti.jpg 500w, https:\/\/toskanamutfagim.com.tr\/wp-content\/uploads\/2025\/03\/toplanti-300x300.jpg 300w, https:\/\/toskanamutfagim.com.tr\/wp-content\/uploads\/2025\/03\/toplanti-150x150.jpg 150w\" sizes=\"(max-width: 500px) 100vw, 500px\" \/><\/a><\/figure>\n\n\n\n<h2 class=\"wp-block-heading has-text-align-center\">Toplant\u0131 Yeme\u011fi<\/h2>\n<\/div>\n\n\n\n<div class=\"wp-block-column is-layout-flow wp-block-column-is-layout-flow\">\n<figure class=\"wp-block-image size-full\"><a href=\"https:\/\/toskanamutfagim.com.tr\/?page_id=155\"><img loading=\"lazy\" decoding=\"async\" width=\"500\" height=\"500\" src=\"https:\/\/toskanamutfagim.com.tr\/wp-content\/uploads\/2025\/03\/mevlut-yemegi.jpg\" alt=\"\" class=\"wp-image-66\" srcset=\"https:\/\/toskanamutfagim.com.tr\/wp-content\/uploads\/2025\/03\/mevlut-yemegi.jpg 500w, https:\/\/toskanamutfagim.com.tr\/wp-content\/uploads\/2025\/03\/mevlut-yemegi-300x300.jpg 300w, https:\/\/toskanamutfagim.com.tr\/wp-content\/uploads\/2025\/03\/mevlut-yemegi-150x150.jpg 150w\" sizes=\"(max-width: 500px) 100vw, 500px\" \/><\/a><\/figure>\n\n\n\n<h2 class=\"wp-block-heading has-text-align-center\">Mevlit Yeme\u011fi<\/h2>\n<\/div>\n<\/div>\n\n\n\n<div class=\"wp-block-columns is-layout-flex wp-container-core-columns-is-layout-7 wp-block-columns-is-layout-flex\">\n<div class=\"wp-block-column is-layout-flow wp-block-column-is-layout-flow\">\n<figure class=\"wp-block-image aligncenter size-full is-resized\"><img loading=\"lazy\" decoding=\"async\" width=\"599\" height=\"678\" src=\"https:\/\/toskanamutfagim.com.tr\/wp-content\/uploads\/2025\/03\/gida_guvenilirligi-1.jpg\" alt=\"\" class=\"wp-image-126\" style=\"width:423px;height:auto\" srcset=\"https:\/\/toskanamutfagim.com.tr\/wp-content\/uploads\/2025\/03\/gida_guvenilirligi-1.jpg 599w, https:\/\/toskanamutfagim.com.tr\/wp-content\/uploads\/2025\/03\/gida_guvenilirligi-1-265x300.jpg 265w\" sizes=\"(max-width: 599px) 100vw, 599px\" \/><\/figure>\n<\/div>\n\n\n\n<div class=\"wp-block-column is-layout-flow wp-block-column-is-layout-flow\">\n<h2 class=\"wp-block-heading has-text-align-left\">G\u0131da G\u00fcvenilirli\u011fi<\/h2>\n\n\n\n<p>G\u0131da teknolojilerindeki geli\u015fmeler ve t\u00fcketicilerin artan bilin\u00e7 seviyesi, g\u0131da kalitesini art\u0131rma \u00e7abalar\u0131n\u0131 daha \u00f6nemli hale getirmi\u015ftir. \u0130nsanlar\u0131n temel ihtiya\u00e7lar\u0131n\u0131n ba\u015f\u0131nda gelen g\u0131dalar\u0131n, g\u0131da g\u00fcvenli\u011fi standartlar\u0131na uygun \u015fekilde \u00fcretilmesi, sa\u011fl\u0131kl\u0131 bir ya\u015fam i\u00e7in olmazsa olmaz bir ad\u0131md\u0131r. G\u0131da g\u00fcvenli\u011finin ve kalitesinin s\u00fcrd\u00fcr\u00fclebilirli\u011fi, hem birey sa\u011fl\u0131\u011f\u0131 hem de toplum sa\u011fl\u0131\u011f\u0131 i\u00e7in kritik bir rol oynar. Bu nedenle, teknolojik yeniliklerin \u00fcreticiler ve uygulay\u0131c\u0131lar taraf\u0131ndan dikkatle takip edilmesi ka\u00e7\u0131n\u0131lmazd\u0131r.<\/p>\n\n\n\n<p>Ancak, son y\u0131llarda baz\u0131 i\u015fletmelerin haks\u0131z rekabet ve kar arzusunun etkisiyle toplu yemek hizmetlerinin kalitesinde d\u00fc\u015f\u00fc\u015fler ya\u015fand\u0131\u011f\u0131 g\u00f6zlemlenmektedir. Bu durumun aksine, Toskana Mutfa\u011f\u0131m, hem kurum k\u00fclt\u00fcr\u00fcyle hem de sorumluluk bilinciyle hareket ederek t\u00fcm \u00fcretim s\u00fcre\u00e7lerinde en \u00fcst d\u00fczeyde g\u0131da g\u00fcvenli\u011fi \u00f6nlemleri uygulamaktad\u0131r. Sa\u011fl\u0131kl\u0131 bir gelecek i\u00e7in sa\u011fl\u0131kl\u0131 beslenmenin \u00f6nemini vurgulayan Toskana Mutfa\u011f\u0131m, d\u00fczenledi\u011fi firma i\u00e7i e\u011fitimler ve uzman kurulu\u015flardan al\u0131nan d\u00fczenli g\u0131da g\u00fcvenli\u011fi ve hijyen e\u011fitimleriyle \u00e7al\u0131\u015fanlar\u0131n\u0131 ve m\u00fc\u015fterilerini bilin\u00e7lendirmeye devam etmektedir.<\/p>\n<\/div>\n<\/div>\n\n\n\n<div style=\"height:100px\" aria-hidden=\"true\" class=\"wp-block-spacer\"><\/div>\n\n\n\n<p><\/p>\n\n\n\n<figure class=\"wp-block-image alignwide size-large\"><img loading=\"lazy\" decoding=\"async\" width=\"1024\" height=\"155\" src=\"https:\/\/toskanamutfagim.com.tr\/wp-content\/uploads\/2025\/03\/belgeler-1024x155.png\" alt=\"\" class=\"wp-image-48\" srcset=\"https:\/\/toskanamutfagim.com.tr\/wp-content\/uploads\/2025\/03\/belgeler-1024x155.png 1024w, https:\/\/toskanamutfagim.com.tr\/wp-content\/uploads\/2025\/03\/belgeler-300x45.png 300w, https:\/\/toskanamutfagim.com.tr\/wp-content\/uploads\/2025\/03\/belgeler-768x116.png 768w, https:\/\/toskanamutfagim.com.tr\/wp-content\/uploads\/2025\/03\/belgeler-1536x232.png 1536w, https:\/\/toskanamutfagim.com.tr\/wp-content\/uploads\/2025\/03\/belgeler-2048x310.png 2048w\" sizes=\"(max-width: 1024px) 100vw, 1024px\" \/><\/figure>\n\n\n\n<p><\/p>\n","protected":false},"excerpt":{"rendered":"<p>Geleneksel T\u00fcrk Mutfa\u011f\u0131 ve D\u00fcnya Standartlar\u0131ndaki Kalitenin Bulu\u015fmas\u0131na Haz\u0131r m\u0131s\u0131n\u0131z? Modern gastronomi ve geleneksel lezzetlerin birbiri ile bulu\u015fmas\u0131na \u015fahit olun. [&hellip;]<\/p>\n","protected":false},"author":1,"featured_media":0,"parent":0,"menu_order":0,"comment_status":"closed","ping_status":"closed","template":"","meta":{"site-sidebar-layout":"default","site-content-layout":"","ast-site-content-layout":"","site-content-style":"default","site-sidebar-style":"default","ast-global-header-display":"","ast-banner-title-visibility":"","ast-main-header-display":"","ast-hfb-above-header-display":"","ast-hfb-below-header-display":"","ast-hfb-mobile-header-display":"","site-post-title":"disabled","ast-breadcrumbs-content":"","ast-featured-img":"","footer-sml-layout":"","theme-transparent-header-meta":"","adv-header-id-meta":"","stick-header-meta":"","header-above-stick-meta":"","header-main-stick-meta":"","header-below-stick-meta":"","astra-migrate-meta-layouts":"default","ast-page-background-enabled":"default","ast-page-background-meta":{"desktop":{"background-color":"var(--ast-global-color-5)","background-image":"","background-repeat":"repeat","background-position":"center center","background-size":"auto","background-attachment":"scroll","background-type":"","background-media":"","overlay-type":"","overlay-color":"","overlay-opacity":"","overlay-gradient":""},"tablet":{"background-color":"","background-image":"","background-repeat":"repeat","background-position":"center center","background-size":"auto","background-attachment":"scroll","background-type":"","background-media":"","overlay-type":"","overlay-color":"","overlay-opacity":"","overlay-gradient":""},"mobile":{"background-color":"","background-image":"","background-repeat":"repeat","background-position":"center center","background-size":"auto","background-attachment":"scroll","background-type":"","background-media":"","overlay-type":"","overlay-color":"","overlay-opacity":"","overlay-gradient":""}},"ast-content-background-meta":{"desktop":{"background-color":"var(--ast-global-color-4)","background-image":"","background-repeat":"repeat","background-position":"center center","background-size":"auto","background-attachment":"scroll","background-type":"","background-media":"","overlay-type":"","overlay-color":"","overlay-opacity":"","overlay-gradient":""},"tablet":{"background-color":"var(--ast-global-color-4)","background-image":"","background-repeat":"repeat","background-position":"center center","background-size":"auto","background-attachment":"scroll","background-type":"","background-media":"","overlay-type":"","overlay-color":"","overlay-opacity":"","overlay-gradient":""},"mobile":{"background-color":"var(--ast-global-color-4)","background-image":"","background-repeat":"repeat","background-position":"center center","background-size":"auto","background-attachment":"scroll","background-type":"","background-media":"","overlay-type":"","overlay-color":"","overlay-opacity":"","overlay-gradient":""}},"footnotes":""},"class_list":["post-7","page","type-page","status-publish","hentry"],"_links":{"self":[{"href":"https:\/\/toskanamutfagim.com.tr\/index.php?rest_route=\/wp\/v2\/pages\/7","targetHints":{"allow":["GET"]}}],"collection":[{"href":"https:\/\/toskanamutfagim.com.tr\/index.php?rest_route=\/wp\/v2\/pages"}],"about":[{"href":"https:\/\/toskanamutfagim.com.tr\/index.php?rest_route=\/wp\/v2\/types\/page"}],"author":[{"embeddable":true,"href":"https:\/\/toskanamutfagim.com.tr\/index.php?rest_route=\/wp\/v2\/users\/1"}],"replies":[{"embeddable":true,"href":"https:\/\/toskanamutfagim.com.tr\/index.php?rest_route=%2Fwp%2Fv2%2Fcomments&post=7"}],"version-history":[{"count":41,"href":"https:\/\/toskanamutfagim.com.tr\/index.php?rest_route=\/wp\/v2\/pages\/7\/revisions"}],"predecessor-version":[{"id":209,"href":"https:\/\/toskanamutfagim.com.tr\/index.php?rest_route=\/wp\/v2\/pages\/7\/revisions\/209"}],"wp:attachment":[{"href":"https:\/\/toskanamutfagim.com.tr\/index.php?rest_route=%2Fwp%2Fv2%2Fmedia&parent=7"}],"curies":[{"name":"wp","href":"https:\/\/api.w.org\/{rel}","templated":true}]}}